{"id":3,"date":"2023-04-26T11:28:33","date_gmt":"2023-04-26T14:28:33","guid":{"rendered":"https:\/\/ambassadecapvertlux.com\/?page_id=3"},"modified":"2025-08-20T02:27:40","modified_gmt":"2025-08-20T05:27:40","slug":"politica-de-privacidade","status":"publish","type":"page","link":"https:\/\/ambassadecapvertlux.com\/de\/politica-de-privacidade\/","title":{"rendered":"Datenschutzrichtlinie"},"content":{"rendered":"<div data-elementor-type=\"wp-page\" data-elementor-id=\"3\" class=\"elementor elementor-3\" data-elementor-post-type=\"page\">\n\t\t\t\t\t\t<section class=\"elementor-section elementor-top-section elementor-element elementor-element-2ff0b3d elementor-section-boxed elementor-section-height-default elementor-section-height-default\" data-id=\"2ff0b3d\" data-element_type=\"section\">\n\t\t\t\t\t\t<div class=\"elementor-container elementor-column-gap-default\">\n\t\t\t\t\t<div class=\"elementor-column elementor-col-100 elementor-top-column elementor-element elementor-element-d0e3eee\" data-id=\"d0e3eee\" data-element_type=\"column\">\n\t\t\t<div class=\"elementor-widget-wrap elementor-element-populated\">\n\t\t\t\t\t\t<div class=\"elementor-element elementor-element-55d44b5 elementor-widget elementor-widget-heading\" data-id=\"55d44b5\" data-element_type=\"widget\" data-widget_type=\"heading.default\">\n\t\t\t\t<div class=\"elementor-widget-container\">\n\t\t\t\t\t<h2 class=\"elementor-heading-title elementor-size-default\">Datenschutzrichtlinie<\/h2>\t\t\t\t<\/div>\n\t\t\t\t<\/div>\n\t\t\t\t<div class=\"elementor-element elementor-element-8b8a2a1 elementor-widget elementor-widget-heading\" data-id=\"8b8a2a1\" data-element_type=\"widget\" data-widget_type=\"heading.default\">\n\t\t\t\t<div class=\"elementor-widget-container\">\n\t\t\t\t\t<h2 class=\"elementor-heading-title elementor-size-default\">Geltungsbereich<\/h2>\t\t\t\t<\/div>\n\t\t\t\t<\/div>\n\t\t\t\t<div class=\"elementor-element elementor-element-831c7eb elementor-widget elementor-widget-text-editor\" data-id=\"831c7eb\" data-element_type=\"widget\" data-widget_type=\"text-editor.default\">\n\t\t\t\t<div class=\"elementor-widget-container\">\n\t\t\t\t\t\t\t\t\t<p>Die Botschaft von Kap Verde in Luxemburg respektiert und sch\u00fctzt Ihre Privatsph\u00e4re. Diese Datenschutz- und Cookie-Richtlinie beschreibt, wie wir die personenbezogenen Daten der Besucher unserer Website <a href=\"https:\/\/ambassadecapvertlux.com\/de\/\">https:\/\/ambassadecapvertlux.com\/<\/a>gem\u00e4\u00df der Datenschutz-Grundverordnung (DSGVO \u2013 EU 2016\/679) erheben, verwenden, speichern und sch\u00fctzen .<\/p>\n<p>Diese Richtlinie gilt nur f\u00fcr unsere Website und nicht f\u00fcr Websites Dritter, auf die \u00fcber Links verwiesen wird oder auf die \u00fcber Links zugegriffen werden kann.<\/p>\t\t\t\t\t\t\t\t<\/div>\n\t\t\t\t<\/div>\n\t\t\t\t<div class=\"elementor-element elementor-element-e82011c elementor-widget elementor-widget-heading\" data-id=\"e82011c\" data-element_type=\"widget\" data-widget_type=\"heading.default\">\n\t\t\t\t<div class=\"elementor-widget-container\">\n\t\t\t\t\t<h2 class=\"elementor-heading-title elementor-size-default\">Datenverarbeitungsmanager<\/h2>\t\t\t\t<\/div>\n\t\t\t\t<\/div>\n\t\t\t\t<div class=\"elementor-element elementor-element-18195ee elementor-widget elementor-widget-text-editor\" data-id=\"18195ee\" data-element_type=\"widget\" data-widget_type=\"text-editor.default\">\n\t\t\t\t<div class=\"elementor-widget-container\">\n\t\t\t\t\t\t\t\t\t<p><strong>Botschaft von Kap Verde in Luxemburg<\/strong><br \/>E-mail : info@ambassadecapvertlux.com<br \/>Website: <a href=\"https:\/\/ambassadecapvertlux.com\/de\/\">https:\/\/ambassadecapvertlux.com\/<\/a><\/p>\t\t\t\t\t\t\t\t<\/div>\n\t\t\t\t<\/div>\n\t\t\t\t<div class=\"elementor-element elementor-element-ad9596b elementor-widget elementor-widget-heading\" data-id=\"ad9596b\" data-element_type=\"widget\" data-widget_type=\"heading.default\">\n\t\t\t\t<div class=\"elementor-widget-container\">\n\t\t\t\t\t<h2 class=\"elementor-heading-title elementor-size-default\">Erhebung und Verarbeitung personenbezogener Daten<\/h2>\t\t\t\t<\/div>\n\t\t\t\t<\/div>\n\t\t\t\t<div class=\"elementor-element elementor-element-5e7ae9d elementor-widget elementor-widget-text-editor\" data-id=\"5e7ae9d\" data-element_type=\"widget\" data-widget_type=\"text-editor.default\">\n\t\t\t\t<div class=\"elementor-widget-container\">\n\t\t\t\t\t\t\t\t\t<p>Personenbezogene Daten k\u00f6nnen auf folgende Weise erhoben werden:<\/p>\n<ul>\n<li>Kontaktformular: Name, E-Mail, Telefon, Nachricht.<\/li>\n<li>Angebotsanfragen: Informationen \u00fcber die Art der angeforderten Dienstleistung und Kontaktdaten.<\/li>\n<li>Cookies und Browserdaten: IP-Adresse, Browsertyp, besuchte Seiten, ungef\u00e4hrer Standort, Dauer des Besuchs auf der Website.<\/li>\n<\/ul>\n<p>Die Verarbeitung dieser Daten erfolgt auf Grundlage von:<\/p>\n<ul>\n<li>Die ausdr\u00fcckliche Zustimmung der betroffenen Partei;<\/li>\n<li>Die Durchf\u00fchrung eines Vertrags oder vorvertraglicher Ma\u00dfnahmen;<\/li>\n<li>Einer rechtlichen Verpflichtung;<\/li>\n<li>Aus berechtigtem Interesse (z. B. Sicherheit, Serviceverbesserung, Statistiken).<\/li>\n<\/ul>\t\t\t\t\t\t\t\t<\/div>\n\t\t\t\t<\/div>\n\t\t\t\t<div class=\"elementor-element elementor-element-cd54227 elementor-widget elementor-widget-heading\" data-id=\"cd54227\" data-element_type=\"widget\" data-widget_type=\"heading.default\">\n\t\t\t\t<div class=\"elementor-widget-container\">\n\t\t\t\t\t<h2 class=\"elementor-heading-title elementor-size-default\">Zwecke der Verarbeitung\n<\/h2>\t\t\t\t<\/div>\n\t\t\t\t<\/div>\n\t\t\t\t<div class=\"elementor-element elementor-element-a96e5a7 elementor-widget elementor-widget-text-editor\" data-id=\"a96e5a7\" data-element_type=\"widget\" data-widget_type=\"text-editor.default\">\n\t\t\t\t<div class=\"elementor-widget-container\">\n\t\t\t\t\t\t\t\t\t<p>Die erhobenen Daten werden verwendet, um:<\/p>\n<ul>\n<li>Auf Kontakt- oder Angebotsanfragen antworten;<\/li>\n<li>Senden Sie Informationen \u00fcber unsere Dienste, Werbeaktionen oder Neuigkeiten (sofern zul\u00e4ssig);<\/li>\n<li>Analysieren Sie Browserstatistiken und verbessern Sie die Benutzererfahrung.<\/li>\n<li>Erf\u00fcllen Sie gesetzliche und regulatorische Verpflichtungen.<\/li>\n<\/ul>\t\t\t\t\t\t\t\t<\/div>\n\t\t\t\t<\/div>\n\t\t\t\t<div class=\"elementor-element elementor-element-9981105 elementor-widget elementor-widget-heading\" data-id=\"9981105\" data-element_type=\"widget\" data-widget_type=\"heading.default\">\n\t\t\t\t<div class=\"elementor-widget-container\">\n\t\t\t\t\t<h2 class=\"elementor-heading-title elementor-size-default\">Datenaufbewahrung\n<\/h2>\t\t\t\t<\/div>\n\t\t\t\t<\/div>\n\t\t\t\t<div class=\"elementor-element elementor-element-c8822e2 elementor-widget elementor-widget-text-editor\" data-id=\"c8822e2\" data-element_type=\"widget\" data-widget_type=\"text-editor.default\">\n\t\t\t\t<div class=\"elementor-widget-container\">\n\t\t\t\t\t\t\t\t\t<p>Personenbezogene Daten werden nur f\u00fcr den Zeitraum aufbewahrt, der zur Verfolgung der genannten Zwecke oder gem\u00e4\u00df den gesetzlichen Bestimmungen erforderlich ist.<\/p>\t\t\t\t\t\t\t\t<\/div>\n\t\t\t\t<\/div>\n\t\t\t\t<div class=\"elementor-element elementor-element-951fcf8 elementor-widget elementor-widget-heading\" data-id=\"951fcf8\" data-element_type=\"widget\" data-widget_type=\"heading.default\">\n\t\t\t\t<div class=\"elementor-widget-container\">\n\t\t\t\t\t<h2 class=\"elementor-heading-title elementor-size-default\">Rechte der betroffenen Person\n<\/h2>\t\t\t\t<\/div>\n\t\t\t\t<\/div>\n\t\t\t\t<div class=\"elementor-element elementor-element-91bc5d9 elementor-widget elementor-widget-text-editor\" data-id=\"91bc5d9\" data-element_type=\"widget\" data-widget_type=\"text-editor.default\">\n\t\t\t\t<div class=\"elementor-widget-container\">\n\t\t\t\t\t\t\t\t\t<p>Gem\u00e4\u00df der DSGVO haben Sie folgende Rechte:<\/p>\n<ul>\n<li>Zugriff auf Ihre personenbezogenen Daten;<\/li>\n<li>Korrigieren oder aktualisieren Sie falsche Informationen;<\/li>\n<li>die L\u00f6schung Ihrer Daten zu verlangen (Recht auf Vergessenwerden);<\/li>\n<li>Die Verarbeitung Ihrer Daten einschr\u00e4nken oder ihr widersprechen;<\/li>\n<li>Ihre Einwilligung jederzeit widerrufen;<\/li>\n<li>Fordern Sie die Portabilit\u00e4t Ihrer Daten an.<\/li>\n<\/ul>\n<p>Um Ihre Rechte auszu\u00fcben, kontaktieren Sie uns bitte per E-Mail: info@ambassadecapvertlux.com<\/p>\t\t\t\t\t\t\t\t<\/div>\n\t\t\t\t<\/div>\n\t\t\t\t<div class=\"elementor-element elementor-element-9a0b093 elementor-widget elementor-widget-heading\" data-id=\"9a0b093\" data-element_type=\"widget\" data-widget_type=\"heading.default\">\n\t\t\t\t<div class=\"elementor-widget-container\">\n\t\t\t\t\t<h2 class=\"elementor-heading-title elementor-size-default\">Sicherheit und Vertraulichkeit\n<\/h2>\t\t\t\t<\/div>\n\t\t\t\t<\/div>\n\t\t\t\t<div class=\"elementor-element elementor-element-f107edf elementor-widget elementor-widget-text-editor\" data-id=\"f107edf\" data-element_type=\"widget\" data-widget_type=\"text-editor.default\">\n\t\t\t\t<div class=\"elementor-widget-container\">\n\t\t\t\t\t\t\t\t\t<p>Wir ergreifen geeignete technische und organisatorische Ma\u00dfnahmen, um Ihre personenbezogenen Daten vor unbefugtem Zugriff, Verlust, Ver\u00e4nderung oder unrechtm\u00e4\u00dfiger Offenlegung zu sch\u00fctzen.<\/p>\n<p>Bitte beachten Sie jedoch, dass die Daten\u00fcbertragung \u00fcber das Internet nicht vollkommen sicher ist. Daher k\u00f6nnen wir keine absolute Sicherheit garantieren.<\/p>\t\t\t\t\t\t\t\t<\/div>\n\t\t\t\t<\/div>\n\t\t\t\t<div class=\"elementor-element elementor-element-b49d95b elementor-widget elementor-widget-heading\" data-id=\"b49d95b\" data-element_type=\"widget\" data-widget_type=\"heading.default\">\n\t\t\t\t<div class=\"elementor-widget-container\">\n\t\t\t\t\t<h2 class=\"elementor-heading-title elementor-size-default\">Cookie-Richtlinie\n<\/h2>\t\t\t\t<\/div>\n\t\t\t\t<\/div>\n\t\t\t\t<div class=\"elementor-element elementor-element-3245fae elementor-widget elementor-widget-heading\" data-id=\"3245fae\" data-element_type=\"widget\" data-widget_type=\"heading.default\">\n\t\t\t\t<div class=\"elementor-widget-container\">\n\t\t\t\t\t<h2 class=\"elementor-heading-title elementor-size-default\">Was ist ein Cookie?\n<\/h2>\t\t\t\t<\/div>\n\t\t\t\t<\/div>\n\t\t\t\t<div class=\"elementor-element elementor-element-771dfbe elementor-widget elementor-widget-text-editor\" data-id=\"771dfbe\" data-element_type=\"widget\" data-widget_type=\"text-editor.default\">\n\t\t\t\t<div class=\"elementor-widget-container\">\n\t\t\t\t\t\t\t\t\t<p>Cookies sind kleine Dateien, die in Ihrem Browser gespeichert werden und dazu beitragen, das Benutzererlebnis zu verbessern, Ihre Pr\u00e4ferenzen zu speichern und statistische Daten zu sammeln.<\/p>\t\t\t\t\t\t\t\t<\/div>\n\t\t\t\t<\/div>\n\t\t\t\t<div class=\"elementor-element elementor-element-52eb842 elementor-widget elementor-widget-heading\" data-id=\"52eb842\" data-element_type=\"widget\" data-widget_type=\"heading.default\">\n\t\t\t\t<div class=\"elementor-widget-container\">\n\t\t\t\t\t<h2 class=\"elementor-heading-title elementor-size-default\">Arten der verwendeten Cookies:\n<\/h2>\t\t\t\t<\/div>\n\t\t\t\t<\/div>\n\t\t\t\t<div class=\"elementor-element elementor-element-ba28653 elementor-widget elementor-widget-text-editor\" data-id=\"ba28653\" data-element_type=\"widget\" data-widget_type=\"text-editor.default\">\n\t\t\t\t<div class=\"elementor-widget-container\">\n\t\t\t\t\t\t\t\t\t<ul>\n<li>Unverzichtbar: notwendig f\u00fcr die Funktion der Website;<\/li>\n<li>Analyse: Sammeln statistischer Daten zur Navigation (z. B. Google Analytics);<\/li>\n<li>Funktional: Benutzereinstellungen speichern;<\/li>\n<li>Marketing: Wird zur Personalisierung von Anzeigen verwendet (falls zutreffend).<\/li>\n<\/ul>\t\t\t\t\t\t\t\t<\/div>\n\t\t\t\t<\/div>\n\t\t\t\t<div class=\"elementor-element elementor-element-20a4619 elementor-widget elementor-widget-heading\" data-id=\"20a4619\" data-element_type=\"widget\" data-widget_type=\"heading.default\">\n\t\t\t\t<div class=\"elementor-widget-container\">\n\t\t\t\t\t<h2 class=\"elementor-heading-title elementor-size-default\">Zustimmung\n<\/h2>\t\t\t\t<\/div>\n\t\t\t\t<\/div>\n\t\t\t\t<div class=\"elementor-element elementor-element-3539c15 elementor-widget elementor-widget-text-editor\" data-id=\"3539c15\" data-element_type=\"widget\" data-widget_type=\"text-editor.default\">\n\t\t\t\t<div class=\"elementor-widget-container\">\n\t\t\t\t\t\t\t\t\t<p>Wenn Sie unsere Website zum ersten Mal besuchen, wird ein Banner mit Informationen zu Cookies angezeigt. Sie k\u00f6nnen dann:<\/p>\n<ul>\n<li>Alle Cookies akzeptieren;<\/li>\n<li>Nicht notwendige Cookies ablehnen;<\/li>\n<li>Verwalten Sie Ihre Einstellungen.<\/li>\n<\/ul>\n<p>Sie k\u00f6nnen Cookies auch direkt in Ihren Browsereinstellungen verwalten.<\/p>\t\t\t\t\t\t\t\t<\/div>\n\t\t\t\t<\/div>\n\t\t\t\t<div class=\"elementor-element elementor-element-b925ad5 elementor-widget elementor-widget-heading\" data-id=\"b925ad5\" data-element_type=\"widget\" data-widget_type=\"heading.default\">\n\t\t\t\t<div class=\"elementor-widget-container\">\n\t\t\t\t\t<h2 class=\"elementor-heading-title elementor-size-default\">Cookies von Drittanbietern\n<\/h2>\t\t\t\t<\/div>\n\t\t\t\t<\/div>\n\t\t\t\t<div class=\"elementor-element elementor-element-77e919f elementor-widget elementor-widget-text-editor\" data-id=\"77e919f\" data-element_type=\"widget\" data-widget_type=\"text-editor.default\">\n\t\t\t\t<div class=\"elementor-widget-container\">\n\t\t\t\t\t\t\t\t\t<p>Wir nutzen m\u00f6glicherweise Dienste von Drittanbietern (z. B. Google, Meta\/Facebook, YouTube), die Cookies in Ihrem Browser platzieren k\u00f6nnen. Wir empfehlen Ihnen, die jeweiligen Datenschutzrichtlinien zu lesen.<\/p>\t\t\t\t\t\t\t\t<\/div>\n\t\t\t\t<\/div>\n\t\t\t\t<div class=\"elementor-element elementor-element-587f712 elementor-widget elementor-widget-heading\" data-id=\"587f712\" data-element_type=\"widget\" data-widget_type=\"heading.default\">\n\t\t\t\t<div class=\"elementor-widget-container\">\n\t\t\t\t\t<h2 class=\"elementor-heading-title elementor-size-default\">\u00c4nderungen dieser Richtlinie\n<\/h2>\t\t\t\t<\/div>\n\t\t\t\t<\/div>\n\t\t\t\t<div class=\"elementor-element elementor-element-dfd8c1e elementor-widget elementor-widget-text-editor\" data-id=\"dfd8c1e\" data-element_type=\"widget\" data-widget_type=\"text-editor.default\">\n\t\t\t\t<div class=\"elementor-widget-container\">\n\t\t\t\t\t\t\t\t\t<p>Wir behalten uns das Recht vor, diese Datenschutz- und Cookie-Richtlinie jederzeit zu aktualisieren. Alle \u00c4nderungen werden auf dieser Seite mit dem aktualisierten \u00dcberarbeitungsdatum ver\u00f6ffentlicht.<\/p>\t\t\t\t\t\t\t\t<\/div>\n\t\t\t\t<\/div>\n\t\t\t\t<div class=\"elementor-element elementor-element-3c483d7 elementor-widget elementor-widget-text-editor\" data-id=\"3c483d7\" data-element_type=\"widget\" data-widget_type=\"text-editor.default\">\n\t\t\t\t<div class=\"elementor-widget-container\">\n\t\t\t\t\t\t\t\t\t<p><strong>Letzte Aktualisierung:<\/strong> Luxemburg, 11.08.2025<\/p>\t\t\t\t\t\t\t\t<\/div>\n\t\t\t\t<\/div>\n\t\t\t\t\t<\/div>\n\t\t<\/div>\n\t\t\t\t\t<\/div>\n\t\t<\/section>\n\t\t\t\t<\/div>","protected":false},"excerpt":{"rendered":"<p>Pol\u00edtica de Privacidade e Cookies \u00c2mbito de aplica\u00e7\u00e3o A Embaixada de Cabo Verde no Luxemburgo respeita e protege a sua [&hellip;]<\/p>","protected":false},"author":1,"featured_media":0,"parent":0,"menu_order":0,"comment_status":"closed","ping_status":"open","template":"","meta":{"site-sidebar-layout":"default","site-content-layout":"","ast-site-content-layout":"default","site-content-style":"default","site-sidebar-style":"default","ast-global-header-display":"","ast-banner-title-visibility":"","ast-main-header-display":"","ast-hfb-above-header-display":"","ast-hfb-below-header-display":"","ast-hfb-mobile-header-display":"","site-post-title":"","ast-breadcrumbs-content":"","ast-featured-img":"","footer-sml-layout":"","theme-transparent-header-meta":"","adv-header-id-meta":"","stick-header-meta":"","header-above-stick-meta":"","header-main-stick-meta":"","header-below-stick-meta":"","astra-migrate-meta-layouts":"default","ast-page-background-enabled":"default","ast-page-background-meta":{"desktop":{"background-color":"var(--ast-global-color-4)","background-image":"","background-repeat":"repeat","background-position":"center center","background-size":"auto","background-attachment":"scroll","background-type":"","background-media":"","overlay-type":"","overlay-color":"","overlay-opacity":"","overlay-gradient":""},"tablet":{"background-color":"","background-image":"","background-repeat":"repeat","background-position":"center center","background-size":"auto","background-attachment":"scroll","background-type":"","background-media":"","overlay-type":"","overlay-color":"","overlay-opacity":"","overlay-gradient":""},"mobile":{"background-color":"","background-image":"","background-repeat":"repeat","background-position":"center center","background-size":"auto","background-attachment":"scroll","background-type":"","background-media":"","overlay-type":"","overlay-color":"","overlay-opacity":"","overlay-gradient":""}},"ast-content-background-meta":{"desktop":{"background-color":"var(--ast-global-color-5)","background-image":"","background-repeat":"repeat","background-position":"center center","background-size":"auto","background-attachment":"scroll","background-type":"","background-media":"","overlay-type":"","overlay-color":"","overlay-opacity":"","overlay-gradient":""},"tablet":{"background-color":"var(--ast-global-color-5)","background-image":"","background-repeat":"repeat","background-position":"center center","background-size":"auto","background-attachment":"scroll","background-type":"","background-media":"","overlay-type":"","overlay-color":"","overlay-opacity":"","overlay-gradient":""},"mobile":{"background-color":"var(--ast-global-color-5)","background-image":"","background-repeat":"repeat","background-position":"center center","background-size":"auto","background-attachment":"scroll","background-type":"","background-media":"","overlay-type":"","overlay-color":"","overlay-opacity":"","overlay-gradient":""}},"footnotes":""},"class_list":["post-3","page","type-page","status-publish","hentry"],"_links":{"self":[{"href":"https:\/\/ambassadecapvertlux.com\/de\/wp-json\/wp\/v2\/pages\/3","targetHints":{"allow":["GET"]}}],"collection":[{"href":"https:\/\/ambassadecapvertlux.com\/de\/wp-json\/wp\/v2\/pages"}],"about":[{"href":"https:\/\/ambassadecapvertlux.com\/de\/wp-json\/wp\/v2\/types\/page"}],"author":[{"embeddable":true,"href":"https:\/\/ambassadecapvertlux.com\/de\/wp-json\/wp\/v2\/users\/1"}],"replies":[{"embeddable":true,"href":"https:\/\/ambassadecapvertlux.com\/de\/wp-json\/wp\/v2\/comments?post=3"}],"version-history":[{"count":24,"href":"https:\/\/ambassadecapvertlux.com\/de\/wp-json\/wp\/v2\/pages\/3\/revisions"}],"predecessor-version":[{"id":2634,"href":"https:\/\/ambassadecapvertlux.com\/de\/wp-json\/wp\/v2\/pages\/3\/revisions\/2634"}],"wp:attachment":[{"href":"https:\/\/ambassadecapvertlux.com\/de\/wp-json\/wp\/v2\/media?parent=3"}],"curies":[{"name":"wp","href":"https:\/\/api.w.org\/{rel}","templated":true}]}}