{"id":619,"date":"2023-06-01T19:15:28","date_gmt":"2023-06-01T22:15:28","guid":{"rendered":"https:\/\/ambassadecapvertlux.com\/?page_id=619"},"modified":"2024-10-28T12:39:38","modified_gmt":"2024-10-28T15:39:38","slug":"sobre-luxemburgo","status":"publish","type":"page","link":"https:\/\/ambassadecapvertlux.com\/de\/sobre-luxemburgo\/","title":{"rendered":"\u00dcber Luxemburg"},"content":{"rendered":"<div data-elementor-type=\"wp-page\" data-elementor-id=\"619\" class=\"elementor elementor-619\" data-elementor-post-type=\"page\">\n\t\t\t\t\t\t<section class=\"elementor-section elementor-top-section elementor-element elementor-element-6e1a411f elementor-section-boxed elementor-section-height-default elementor-section-height-default\" data-id=\"6e1a411f\" data-element_type=\"section\" data-settings=\"{&quot;background_background&quot;:&quot;classic&quot;}\">\n\t\t\t\t\t\t\t<div class=\"elementor-background-overlay\"><\/div>\n\t\t\t\t\t\t\t<div class=\"elementor-container elementor-column-gap-default\">\n\t\t\t\t\t<div class=\"elementor-column elementor-col-100 elementor-top-column elementor-element elementor-element-89c7451 elementor-invisible\" data-id=\"89c7451\" data-element_type=\"column\" data-settings=\"{&quot;animation&quot;:&quot;fadeInUp&quot;}\">\n\t\t\t<div class=\"elementor-widget-wrap elementor-element-populated\">\n\t\t\t\t\t\t<div class=\"elementor-element elementor-element-23069471 elementor-widget elementor-widget-heading\" data-id=\"23069471\" data-element_type=\"widget\" data-widget_type=\"heading.default\">\n\t\t\t\t<div class=\"elementor-widget-container\">\n\t\t\t\t\t<h1 class=\"elementor-heading-title elementor-size-default\">\u00dcber Luxemburg<\/h1>\t\t\t\t<\/div>\n\t\t\t\t<\/div>\n\t\t\t\t\t<\/div>\n\t\t<\/div>\n\t\t\t\t\t<\/div>\n\t\t<\/section>\n\t\t\t\t<section class=\"elementor-section elementor-top-section elementor-element elementor-element-e8e4612 elementor-section-content-middle elementor-section-boxed elementor-section-height-default elementor-section-height-default\" data-id=\"e8e4612\" data-element_type=\"section\" data-settings=\"{&quot;background_background&quot;:&quot;gradient&quot;}\">\n\t\t\t\t\t\t\t<div class=\"elementor-background-overlay\"><\/div>\n\t\t\t\t\t\t\t<div class=\"elementor-container elementor-column-gap-default\">\n\t\t\t\t\t<div class=\"elementor-column elementor-col-50 elementor-top-column elementor-element elementor-element-1cc0966 elementor-invisible\" data-id=\"1cc0966\" data-element_type=\"column\" data-settings=\"{&quot;animation&quot;:&quot;fadeInLeft&quot;}\">\n\t\t\t<div class=\"elementor-widget-wrap elementor-element-populated\">\n\t\t\t\t\t\t<div class=\"elementor-element elementor-element-13c50afe elementor-widget elementor-widget-heading\" data-id=\"13c50afe\" data-element_type=\"widget\" data-widget_type=\"heading.default\">\n\t\t\t\t<div class=\"elementor-widget-container\">\n\t\t\t\t\t<h2 class=\"elementor-heading-title elementor-size-default\">Ein einladendes Zuhause f\u00fcr die kapverdische Gemeinschaft<\/h2>\t\t\t\t<\/div>\n\t\t\t\t<\/div>\n\t\t\t\t<div class=\"elementor-element elementor-element-694d518 elementor-widget elementor-widget-text-editor\" data-id=\"694d518\" data-element_type=\"widget\" data-widget_type=\"text-editor.default\">\n\t\t\t\t<div class=\"elementor-widget-container\">\n\t\t\t\t\t\t\t\t\t<p><strong>Luxemburg, offiziell das Gro\u00dfherzogtum Luxemburg,<\/strong> ist ein kleines Land in Westeuropa. Seine Geschichte reicht bis ins Mittelalter zur\u00fcck, als es 963 als Grafschaft gegr\u00fcndet wurde. <strong>Jahrhundertelang war Luxemburg unterworfen<\/strong> <strong>verschiedene Herrscher und Einfl\u00fcsse, darunter die Habsburger, die Bourbonen und die Hohenzollern.<\/strong><\/p><p><strong>Im 19. Jahrhundert erlangte das Land die Unabh\u00e4ngigkeit von der Fremdherrschaft und wurde ein souver\u00e4ner Staat.<\/strong> obwohl er bis 1890 eine Personalunion mit den Niederlanden unterhielt. <strong>W\u00e4hrend der beiden Weltkriege wurde Luxemburg von Deutschland \u00fcberfallen und besetzt.<\/strong> aber es gelang ihm, sich nach dem Zweiten Weltkrieg zu erholen und zu einer wohlhabenden, neutralen Nation zu werden.<\/p>\t\t\t\t\t\t\t\t<\/div>\n\t\t\t\t<\/div>\n\t\t\t\t\t<\/div>\n\t\t<\/div>\n\t\t\t\t<div class=\"elementor-column elementor-col-50 elementor-top-column elementor-element elementor-element-106a319 elementor-invisible\" data-id=\"106a319\" data-element_type=\"column\" data-settings=\"{&quot;animation&quot;:&quot;fadeInRight&quot;}\">\n\t\t\t<div class=\"elementor-widget-wrap elementor-element-populated\">\n\t\t\t\t\t\t<div class=\"elementor-element elementor-element-77ab323 elementor-widget elementor-widget-image\" data-id=\"77ab323\" data-element_type=\"widget\" data-widget_type=\"image.default\">\n\t\t\t\t<div class=\"elementor-widget-container\">\n\t\t\t\t\t\t\t\t\t\t\t\t\t\t\t<img fetchpriority=\"high\" decoding=\"async\" width=\"1024\" height=\"682\" src=\"https:\/\/ambassadecapvertlux.com\/wp-content\/uploads\/2024\/04\/Luxemburgo-1024x682.jpg\" class=\"attachment-large size-large wp-image-1600\" alt=\"\" srcset=\"https:\/\/ambassadecapvertlux.com\/wp-content\/uploads\/2024\/04\/Luxemburgo-1024x682.jpg 1024w, https:\/\/ambassadecapvertlux.com\/wp-content\/uploads\/2024\/04\/Luxemburgo-300x200.jpg 300w, https:\/\/ambassadecapvertlux.com\/wp-content\/uploads\/2024\/04\/Luxemburgo-768x512.jpg 768w, https:\/\/ambassadecapvertlux.com\/wp-content\/uploads\/2024\/04\/Luxemburgo-1536x1023.jpg 1536w, https:\/\/ambassadecapvertlux.com\/wp-content\/uploads\/2024\/04\/Luxemburgo.jpg 2048w\" sizes=\"(max-width: 1024px) 100vw, 1024px\" \/>\t\t\t\t\t\t\t\t\t\t\t\t\t\t\t<\/div>\n\t\t\t\t<\/div>\n\t\t\t\t<div class=\"elementor-element elementor-element-524ab0b elementor-widget elementor-widget-text-editor\" data-id=\"524ab0b\" data-element_type=\"widget\" data-widget_type=\"text-editor.default\">\n\t\t\t\t<div class=\"elementor-widget-container\">\n\t\t\t\t\t\t\t\t\t<p><strong>Heute ist Luxemburg f\u00fcr seine hochentwickelte Wirtschaft bekannt, insbesondere im Finanz- und Dienstleistungssektor.<\/strong> Es ist auch eines der Gr\u00fcndungsmitglieder der Europ\u00e4ischen Union und beherbergt mehrere europ\u00e4ische Institutionen. Seine Kultur wird durch seine geografische Lage zwischen Frankreich, Deutschland und Belgien beeinflusst, was zu einer einzigartigen Mischung aus Sprachen und Traditionen f\u00fchrt.<\/p>\t\t\t\t\t\t\t\t<\/div>\n\t\t\t\t<\/div>\n\t\t\t\t\t<\/div>\n\t\t<\/div>\n\t\t\t\t\t<\/div>\n\t\t<\/section>\n\t\t\t\t<section class=\"elementor-section elementor-top-section elementor-element elementor-element-3e06f8a4 elementor-section-content-middle elementor-section-boxed elementor-section-height-default elementor-section-height-default\" data-id=\"3e06f8a4\" data-element_type=\"section\" data-settings=\"{&quot;background_background&quot;:&quot;classic&quot;}\">\n\t\t\t\t\t\t\t<div class=\"elementor-background-overlay\"><\/div>\n\t\t\t\t\t\t\t<div class=\"elementor-container elementor-column-gap-default\">\n\t\t\t\t\t<div class=\"elementor-column elementor-col-50 elementor-top-column elementor-element elementor-element-63e05c96 elementor-invisible\" data-id=\"63e05c96\" data-element_type=\"column\" data-settings=\"{&quot;animation&quot;:&quot;fadeInLeft&quot;}\">\n\t\t\t<div class=\"elementor-widget-wrap elementor-element-populated\">\n\t\t\t\t\t\t<div class=\"elementor-element elementor-element-b00021d elementor-widget elementor-widget-heading\" data-id=\"b00021d\" data-element_type=\"widget\" data-widget_type=\"heading.default\">\n\t\t\t\t<div class=\"elementor-widget-container\">\n\t\t\t\t\t<h2 class=\"elementor-heading-title elementor-size-default\">Ein bedeutendes internationales Finanzzentrum<\/h2>\t\t\t\t<\/div>\n\t\t\t\t<\/div>\n\t\t\t\t<div class=\"elementor-element elementor-element-2c4a60b elementor-widget elementor-widget-text-editor\" data-id=\"2c4a60b\" data-element_type=\"widget\" data-widget_type=\"text-editor.default\">\n\t\t\t\t<div class=\"elementor-widget-container\">\n\t\t\t\t\t\t\t\t\t<p>Die luxemburgische Wirtschaft ist diversifiziert und wohlhabend, wobei der Schwerpunkt auf dem Finanzsektor, Dienstleistungen, der Stahlindustrie und der Technologie liegt. Das Land ist ein wichtiger internationaler Finanzplatz und verfolgt eine wirtschaftsfreundliche Politik. Mit einer niedrigen Steuerlast und hochqualifizierten Arbeitskr\u00e4ften hat Luxemburg eines der h\u00f6chsten Pro-Kopf-BIP der Welt und eine niedrige Arbeitslosenquote.<\/p>\t\t\t\t\t\t\t\t<\/div>\n\t\t\t\t<\/div>\n\t\t\t\t<div class=\"elementor-element elementor-element-e3dc463 elementor-widget elementor-widget-heading\" data-id=\"e3dc463\" data-element_type=\"widget\" data-widget_type=\"heading.default\">\n\t\t\t\t<div class=\"elementor-widget-container\">\n\t\t\t\t\t<h2 class=\"elementor-heading-title elementor-size-default\">Praktischer Leitfaden: Zugang zum vielversprechenden Luxemburger Markt<\/h2>\t\t\t\t<\/div>\n\t\t\t\t<\/div>\n\t\t\t\t<div class=\"elementor-element elementor-element-4070b59 elementor-widget elementor-widget-text-editor\" data-id=\"4070b59\" data-element_type=\"widget\" data-widget_type=\"text-editor.default\">\n\t\t\t\t<div class=\"elementor-widget-container\">\n\t\t\t\t\t\t\t\t\t<p>Der praktische Leitfaden f\u00fcr den Zugang zum luxemburgischen Markt ist eine unverzichtbare Ressource f\u00fcr Unternehmen und Unternehmer, die am Eintritt in den luxemburgischen Markt interessiert sind. Es informiert \u00fcber das Gesch\u00e4ftsumfeld, rechtliche Anforderungen, Einstiegsstrategien, Steuerthemen und Gesch\u00e4ftsm\u00f6glichkeiten. Der Leitfaden hebt die Wettbewerbsvorteile Luxemburgs wie strategische Lage, fortschrittliche Infrastruktur und politische Stabilit\u00e4t hervor.\u00a0<\/p>\t\t\t\t\t\t\t\t<\/div>\n\t\t\t\t<\/div>\n\t\t\t\t\t<\/div>\n\t\t<\/div>\n\t\t\t\t<div class=\"elementor-column elementor-col-50 elementor-top-column elementor-element elementor-element-29b08cf7 elementor-invisible\" data-id=\"29b08cf7\" data-element_type=\"column\" data-settings=\"{&quot;animation&quot;:&quot;fadeInRight&quot;}\">\n\t\t\t<div class=\"elementor-widget-wrap elementor-element-populated\">\n\t\t\t\t\t\t<div class=\"elementor-element elementor-element-7a83b1a3 elementor-widget elementor-widget-heading\" data-id=\"7a83b1a3\" data-element_type=\"widget\" data-widget_type=\"heading.default\">\n\t\t\t\t<div class=\"elementor-widget-container\">\n\t\t\t\t\t<h2 class=\"elementor-heading-title elementor-size-default\">Allgemeine Daten<\/h2>\t\t\t\t<\/div>\n\t\t\t\t<\/div>\n\t\t\t\t<div class=\"elementor-element elementor-element-602590b elementor-widget elementor-widget-text-editor\" data-id=\"602590b\" data-element_type=\"widget\" data-widget_type=\"text-editor.default\">\n\t\t\t\t<div class=\"elementor-widget-container\">\n\t\t\t\t\t\t\t\t\t<p><strong>Offizielle Bezeichnung:<\/strong> Gro\u00dfherzogtum Luxemburg.<\/p><p><strong>Hauptstadt:<\/strong> Luxemburg.<\/p><p><strong>Staatsoberhaupt:<\/strong> Heinrich von Luxemburg (Gro\u00dfherzog)<\/p><p><strong>Politisches System:<\/strong> Konstitutionelle Monarchie.<\/p><p><strong>Bereich:<\/strong> 2.586 km\u00b2<\/p><p><strong>Bev\u00f6lkerung:<\/strong> Ungef\u00e4hr 633.000 Einwohner.<\/p><p><strong>Bev\u00f6lkerungsdichte:<\/strong> Rund 244,4 Einwohner\/km\u00b2<\/p><p><strong>Vorherrschende Religion:<\/strong> Christentum (haupts\u00e4chlich Katholizismus).<\/p><p><strong>Amtssprachen:<\/strong> Luxemburgisch, Franz\u00f6sisch und Deutsch.<\/p><p><strong>M\u00fcnze:<\/strong> Euro (\u20ac)<\/p><p><strong>BIP (Bruttoinlandsprodukt):<\/strong> Konkrete Daten liegen nicht vor, aber Luxemburg gilt gemessen am Pro-Kopf-BIP als eines der reichsten L\u00e4nder der Welt.<\/p>\t\t\t\t\t\t\t\t<\/div>\n\t\t\t\t<\/div>\n\t\t\t\t\t<\/div>\n\t\t<\/div>\n\t\t\t\t\t<\/div>\n\t\t<\/section>\n\t\t\t\t<section class=\"elementor-section elementor-top-section elementor-element elementor-element-3cf754f7 elementor-reverse-mobile elementor-section-boxed elementor-section-height-default elementor-section-height-default\" data-id=\"3cf754f7\" data-element_type=\"section\">\n\t\t\t\t\t\t<div class=\"elementor-container elementor-column-gap-default\">\n\t\t\t\t\t<div class=\"elementor-column elementor-col-50 elementor-top-column elementor-element elementor-element-9023277 elementor-invisible\" data-id=\"9023277\" data-element_type=\"column\" data-settings=\"{&quot;animation&quot;:&quot;fadeInLeft&quot;}\">\n\t\t\t<div class=\"elementor-widget-wrap elementor-element-populated\">\n\t\t\t\t\t\t<div class=\"elementor-element elementor-element-1ef4390 elementor-widget elementor-widget-image\" data-id=\"1ef4390\" data-element_type=\"widget\" data-widget_type=\"image.default\">\n\t\t\t\t<div class=\"elementor-widget-container\">\n\t\t\t\t\t\t\t\t\t\t\t\t\t\t\t<img decoding=\"async\" width=\"700\" height=\"400\" src=\"https:\/\/ambassadecapvertlux.com\/wp-content\/uploads\/2023\/06\/c8d7ab91051e093c99182ee0b7b8742e.jpg.webp\" class=\"attachment-large size-large wp-image-635\" alt=\"\" srcset=\"https:\/\/ambassadecapvertlux.com\/wp-content\/uploads\/2023\/06\/c8d7ab91051e093c99182ee0b7b8742e.jpg.webp 700w, https:\/\/ambassadecapvertlux.com\/wp-content\/uploads\/2023\/06\/c8d7ab91051e093c99182ee0b7b8742e.jpg-300x171.webp 300w\" sizes=\"(max-width: 700px) 100vw, 700px\" \/>\t\t\t\t\t\t\t\t\t\t\t\t\t\t\t<\/div>\n\t\t\t\t<\/div>\n\t\t\t\t\t<\/div>\n\t\t<\/div>\n\t\t\t\t<div class=\"elementor-column elementor-col-50 elementor-top-column elementor-element elementor-element-03369be elementor-invisible\" data-id=\"03369be\" data-element_type=\"column\" data-settings=\"{&quot;animation&quot;:&quot;fadeInRight&quot;}\">\n\t\t\t<div class=\"elementor-widget-wrap elementor-element-populated\">\n\t\t\t\t\t\t<div class=\"elementor-element elementor-element-84f04cc elementor-widget elementor-widget-heading\" data-id=\"84f04cc\" data-element_type=\"widget\" data-widget_type=\"heading.default\">\n\t\t\t\t<div class=\"elementor-widget-container\">\n\t\t\t\t\t<h2 class=\"elementor-heading-title elementor-size-default\">Der kulturelle Reichtum Luxemburgs<\/h2>\t\t\t\t<\/div>\n\t\t\t\t<\/div>\n\t\t\t\t<div class=\"elementor-element elementor-element-e3a644c elementor-widget elementor-widget-text-editor\" data-id=\"e3a644c\" data-element_type=\"widget\" data-widget_type=\"text-editor.default\">\n\t\t\t\t<div class=\"elementor-widget-container\">\n\t\t\t\t\t\t\t\t\t<p><strong>Die Kultur Luxemburgs ist vielf\u00e4ltig und bereichernd, wobei franz\u00f6sische, deutsche und luxemburgische Einfl\u00fcsse zu einer einzigartigen kulturellen Identit\u00e4t verschmelzen.<\/strong> Das Land legt gro\u00dfen Wert auf Musik, mit Festivals und einer lebendigen Musikszene. Auch das Theater erfreut sich gro\u00dfer Beliebtheit, insbesondere beim Luxembourg Theatre Festival. Die luxemburgische K\u00fcche bietet traditionelle Gerichte wie \u201eJudd mat Gaardebounen\u201c (Schinken und Bohnen) und \u201eGromperekichelcher\u201c (Kartoffelkn\u00f6del).<\/p>\t\t\t\t\t\t\t\t<\/div>\n\t\t\t\t<\/div>\n\t\t\t\t\t<\/div>\n\t\t<\/div>\n\t\t\t\t\t<\/div>\n\t\t<\/section>\n\t\t\t\t<\/div>","protected":false},"excerpt":{"rendered":"<p>Um Lar Acolhedor para a Comunidade Cabo-Verdiana Luxemburgo, oficialmente o Gr\u00e3o-Ducado de Luxemburgo, \u00e9 um pequeno pa\u00eds localizado na Europa [&hellip;]<\/p>","protected":false},"author":1,"featured_media":0,"parent":0,"menu_order":0,"comment_status":"closed","ping_status":"closed","template":"","meta":{"site-sidebar-layout":"default","site-content-layout":"","ast-site-content-layout":"default","site-content-style":"default","site-sidebar-style":"default","ast-global-header-display":"","ast-banner-title-visibility":"","ast-main-header-display":"","ast-hfb-above-header-display":"","ast-hfb-below-header-display":"","ast-hfb-mobile-header-display":"","site-post-title":"","ast-breadcrumbs-content":"","ast-featured-img":"","footer-sml-layout":"","theme-transparent-header-meta":"","adv-header-id-meta":"","stick-header-meta":"","header-above-stick-meta":"","header-main-stick-meta":"","header-below-stick-meta":"","astra-migrate-meta-layouts":"default","ast-page-background-enabled":"default","ast-page-background-meta":{"desktop":{"background-color":"var(--ast-global-color-4)","background-image":"","background-repeat":"repeat","background-position":"center center","background-size":"auto","background-attachment":"scroll","background-type":"","background-media":"","overlay-type":"","overlay-color":"","overlay-opacity":"","overlay-gradient":""},"tablet":{"background-color":"","background-image":"","background-repeat":"repeat","background-position":"center center","background-size":"auto","background-attachment":"scroll","background-type":"","background-media":"","overlay-type":"","overlay-color":"","overlay-opacity":"","overlay-gradient":""},"mobile":{"background-color":"","background-image":"","background-repeat":"repeat","background-position":"center center","background-size":"auto","background-attachment":"scroll","background-type":"","background-media":"","overlay-type":"","overlay-color":"","overlay-opacity":"","overlay-gradient":""}},"ast-content-background-meta":{"desktop":{"background-color":"var(--ast-global-color-5)","background-image":"","background-repeat":"repeat","background-position":"center center","background-size":"auto","background-attachment":"scroll","background-type":"","background-media":"","overlay-type":"","overlay-color":"","overlay-opacity":"","overlay-gradient":""},"tablet":{"background-color":"var(--ast-global-color-5)","background-image":"","background-repeat":"repeat","background-position":"center center","background-size":"auto","background-attachment":"scroll","background-type":"","background-media":"","overlay-type":"","overlay-color":"","overlay-opacity":"","overlay-gradient":""},"mobile":{"background-color":"var(--ast-global-color-5)","background-image":"","background-repeat":"repeat","background-position":"center center","background-size":"auto","background-attachment":"scroll","background-type":"","background-media":"","overlay-type":"","overlay-color":"","overlay-opacity":"","overlay-gradient":""}},"footnotes":""},"class_list":["post-619","page","type-page","status-publish","hentry"],"_links":{"self":[{"href":"https:\/\/ambassadecapvertlux.com\/de\/wp-json\/wp\/v2\/pages\/619","targetHints":{"allow":["GET"]}}],"collection":[{"href":"https:\/\/ambassadecapvertlux.com\/de\/wp-json\/wp\/v2\/pages"}],"about":[{"href":"https:\/\/ambassadecapvertlux.com\/de\/wp-json\/wp\/v2\/types\/page"}],"author":[{"embeddable":true,"href":"https:\/\/ambassadecapvertlux.com\/de\/wp-json\/wp\/v2\/users\/1"}],"replies":[{"embeddable":true,"href":"https:\/\/ambassadecapvertlux.com\/de\/wp-json\/wp\/v2\/comments?post=619"}],"version-history":[{"count":73,"href":"https:\/\/ambassadecapvertlux.com\/de\/wp-json\/wp\/v2\/pages\/619\/revisions"}],"predecessor-version":[{"id":1795,"href":"https:\/\/ambassadecapvertlux.com\/de\/wp-json\/wp\/v2\/pages\/619\/revisions\/1795"}],"wp:attachment":[{"href":"https:\/\/ambassadecapvertlux.com\/de\/wp-json\/wp\/v2\/media?parent=619"}],"curies":[{"name":"wp","href":"https:\/\/api.w.org\/{rel}","templated":true}]}}