{"id":619,"date":"2023-06-01T19:15:28","date_gmt":"2023-06-01T22:15:28","guid":{"rendered":"https:\/\/ambassadecapvertlux.com\/?page_id=619"},"modified":"2024-10-28T12:39:38","modified_gmt":"2024-10-28T15:39:38","slug":"sobre-luxemburgo","status":"publish","type":"page","link":"https:\/\/ambassadecapvertlux.com\/en\/sobre-luxemburgo\/","title":{"rendered":"About Luxembourg"},"content":{"rendered":"<div data-elementor-type=\"wp-page\" data-elementor-id=\"619\" class=\"elementor elementor-619\" data-elementor-post-type=\"page\">\n\t\t\t\t\t\t<section class=\"elementor-section elementor-top-section elementor-element elementor-element-6e1a411f elementor-section-boxed elementor-section-height-default elementor-section-height-default\" data-id=\"6e1a411f\" data-element_type=\"section\" data-settings=\"{&quot;background_background&quot;:&quot;classic&quot;}\">\n\t\t\t\t\t\t\t<div class=\"elementor-background-overlay\"><\/div>\n\t\t\t\t\t\t\t<div class=\"elementor-container elementor-column-gap-default\">\n\t\t\t\t\t<div class=\"elementor-column elementor-col-100 elementor-top-column elementor-element elementor-element-89c7451 elementor-invisible\" data-id=\"89c7451\" data-element_type=\"column\" data-settings=\"{&quot;animation&quot;:&quot;fadeInUp&quot;}\">\n\t\t\t<div class=\"elementor-widget-wrap elementor-element-populated\">\n\t\t\t\t\t\t<div class=\"elementor-element elementor-element-23069471 elementor-widget elementor-widget-heading\" data-id=\"23069471\" data-element_type=\"widget\" data-widget_type=\"heading.default\">\n\t\t\t\t<div class=\"elementor-widget-container\">\n\t\t\t\t\t<h1 class=\"elementor-heading-title elementor-size-default\">About Luxembourg<\/h1>\t\t\t\t<\/div>\n\t\t\t\t<\/div>\n\t\t\t\t\t<\/div>\n\t\t<\/div>\n\t\t\t\t\t<\/div>\n\t\t<\/section>\n\t\t\t\t<section class=\"elementor-section elementor-top-section elementor-element elementor-element-e8e4612 elementor-section-content-middle elementor-section-boxed elementor-section-height-default elementor-section-height-default\" data-id=\"e8e4612\" data-element_type=\"section\" data-settings=\"{&quot;background_background&quot;:&quot;gradient&quot;}\">\n\t\t\t\t\t\t\t<div class=\"elementor-background-overlay\"><\/div>\n\t\t\t\t\t\t\t<div class=\"elementor-container elementor-column-gap-default\">\n\t\t\t\t\t<div class=\"elementor-column elementor-col-50 elementor-top-column elementor-element elementor-element-1cc0966 elementor-invisible\" data-id=\"1cc0966\" data-element_type=\"column\" data-settings=\"{&quot;animation&quot;:&quot;fadeInLeft&quot;}\">\n\t\t\t<div class=\"elementor-widget-wrap elementor-element-populated\">\n\t\t\t\t\t\t<div class=\"elementor-element elementor-element-13c50afe elementor-widget elementor-widget-heading\" data-id=\"13c50afe\" data-element_type=\"widget\" data-widget_type=\"heading.default\">\n\t\t\t\t<div class=\"elementor-widget-container\">\n\t\t\t\t\t<h2 class=\"elementor-heading-title elementor-size-default\">A Welcoming Home for the Cape Verdean Community<\/h2>\t\t\t\t<\/div>\n\t\t\t\t<\/div>\n\t\t\t\t<div class=\"elementor-element elementor-element-694d518 elementor-widget elementor-widget-text-editor\" data-id=\"694d518\" data-element_type=\"widget\" data-widget_type=\"text-editor.default\">\n\t\t\t\t<div class=\"elementor-widget-container\">\n\t\t\t\t\t\t\t\t\t<p><strong>Luxembourg, officially the Grand Duchy of Luxembourg,<\/strong> is a small country located in Western Europe. Its history dates back to the Middle Ages, when it was founded as a county in 963. <strong>For centuries, Luxembourg was<\/strong> <strong>underdifferent rulers and influences, including the Habsburgs, the Bourbons and the Hohenzollerns.<\/strong><\/p><p><strong>In the 19th century, the country gained independence from foreign rule and became a sovereign state,<\/strong> although it maintained a personal union with the Netherlands until 1890. <strong>During both World Wars, Luxembourg was invaded and occupied by Germany,<\/strong> but managed to recover after World War II and emerge as a prosperous and neutral nation.<\/p>\t\t\t\t\t\t\t\t<\/div>\n\t\t\t\t<\/div>\n\t\t\t\t\t<\/div>\n\t\t<\/div>\n\t\t\t\t<div class=\"elementor-column elementor-col-50 elementor-top-column elementor-element elementor-element-106a319 elementor-invisible\" data-id=\"106a319\" data-element_type=\"column\" data-settings=\"{&quot;animation&quot;:&quot;fadeInRight&quot;}\">\n\t\t\t<div class=\"elementor-widget-wrap elementor-element-populated\">\n\t\t\t\t\t\t<div class=\"elementor-element elementor-element-77ab323 elementor-widget elementor-widget-image\" data-id=\"77ab323\" data-element_type=\"widget\" data-widget_type=\"image.default\">\n\t\t\t\t<div class=\"elementor-widget-container\">\n\t\t\t\t\t\t\t\t\t\t\t\t\t\t\t<img fetchpriority=\"high\" decoding=\"async\" width=\"1024\" height=\"682\" src=\"https:\/\/ambassadecapvertlux.com\/wp-content\/uploads\/2024\/04\/Luxemburgo-1024x682.jpg\" class=\"attachment-large size-large wp-image-1600\" alt=\"\" srcset=\"https:\/\/ambassadecapvertlux.com\/wp-content\/uploads\/2024\/04\/Luxemburgo-1024x682.jpg 1024w, https:\/\/ambassadecapvertlux.com\/wp-content\/uploads\/2024\/04\/Luxemburgo-300x200.jpg 300w, https:\/\/ambassadecapvertlux.com\/wp-content\/uploads\/2024\/04\/Luxemburgo-768x512.jpg 768w, https:\/\/ambassadecapvertlux.com\/wp-content\/uploads\/2024\/04\/Luxemburgo-1536x1023.jpg 1536w, https:\/\/ambassadecapvertlux.com\/wp-content\/uploads\/2024\/04\/Luxemburgo.jpg 2048w\" sizes=\"(max-width: 1024px) 100vw, 1024px\" \/>\t\t\t\t\t\t\t\t\t\t\t\t\t\t\t<\/div>\n\t\t\t\t<\/div>\n\t\t\t\t<div class=\"elementor-element elementor-element-524ab0b elementor-widget elementor-widget-text-editor\" data-id=\"524ab0b\" data-element_type=\"widget\" data-widget_type=\"text-editor.default\">\n\t\t\t\t<div class=\"elementor-widget-container\">\n\t\t\t\t\t\t\t\t\t<p><strong>Today, Luxembourg is known for its highly developed economy, especially in the financial and service sectors.<\/strong> It is also a founding member of the European Union, hosting several European institutions. Its culture is influenced by its geographical location between France, Germany and Belgium, resulting in a unique blend of languages \u200b\u200band traditions.<\/p>\t\t\t\t\t\t\t\t<\/div>\n\t\t\t\t<\/div>\n\t\t\t\t\t<\/div>\n\t\t<\/div>\n\t\t\t\t\t<\/div>\n\t\t<\/section>\n\t\t\t\t<section class=\"elementor-section elementor-top-section elementor-element elementor-element-3e06f8a4 elementor-section-content-middle elementor-section-boxed elementor-section-height-default elementor-section-height-default\" data-id=\"3e06f8a4\" data-element_type=\"section\" data-settings=\"{&quot;background_background&quot;:&quot;classic&quot;}\">\n\t\t\t\t\t\t\t<div class=\"elementor-background-overlay\"><\/div>\n\t\t\t\t\t\t\t<div class=\"elementor-container elementor-column-gap-default\">\n\t\t\t\t\t<div class=\"elementor-column elementor-col-50 elementor-top-column elementor-element elementor-element-63e05c96 elementor-invisible\" data-id=\"63e05c96\" data-element_type=\"column\" data-settings=\"{&quot;animation&quot;:&quot;fadeInLeft&quot;}\">\n\t\t\t<div class=\"elementor-widget-wrap elementor-element-populated\">\n\t\t\t\t\t\t<div class=\"elementor-element elementor-element-b00021d elementor-widget elementor-widget-heading\" data-id=\"b00021d\" data-element_type=\"widget\" data-widget_type=\"heading.default\">\n\t\t\t\t<div class=\"elementor-widget-container\">\n\t\t\t\t\t<h2 class=\"elementor-heading-title elementor-size-default\">A Leading International Financial Center<\/h2>\t\t\t\t<\/div>\n\t\t\t\t<\/div>\n\t\t\t\t<div class=\"elementor-element elementor-element-2c4a60b elementor-widget elementor-widget-text-editor\" data-id=\"2c4a60b\" data-element_type=\"widget\" data-widget_type=\"text-editor.default\">\n\t\t\t\t<div class=\"elementor-widget-container\">\n\t\t\t\t\t\t\t\t\t<p>Luxembourg's economy is diversified and prosperous, with strong financial, services, steel and technology sectors. The country is a major international financial center and has a business-friendly policy. With low taxes and a highly skilled workforce, Luxembourg has one of the highest GDP per capita in the world and a low unemployment rate.<\/p>\t\t\t\t\t\t\t\t<\/div>\n\t\t\t\t<\/div>\n\t\t\t\t<div class=\"elementor-element elementor-element-e3dc463 elementor-widget elementor-widget-heading\" data-id=\"e3dc463\" data-element_type=\"widget\" data-widget_type=\"heading.default\">\n\t\t\t\t<div class=\"elementor-widget-container\">\n\t\t\t\t\t<h2 class=\"elementor-heading-title elementor-size-default\">Practical Guide: Access to the Promising Luxembourg Market<\/h2>\t\t\t\t<\/div>\n\t\t\t\t<\/div>\n\t\t\t\t<div class=\"elementor-element elementor-element-4070b59 elementor-widget elementor-widget-text-editor\" data-id=\"4070b59\" data-element_type=\"widget\" data-widget_type=\"text-editor.default\">\n\t\t\t\t<div class=\"elementor-widget-container\">\n\t\t\t\t\t\t\t\t\t<p>The Practical Guide to Accessing the Luxembourg Market is an essential resource for companies and entrepreneurs interested in entering the Luxembourg market. It provides information on the business environment, legal requirements, entry strategies, tax issues and business opportunities. The guide highlights Luxembourg\u2019s competitive advantages, such as its strategic location, advanced infrastructure and political stability.\u00a0<\/p>\t\t\t\t\t\t\t\t<\/div>\n\t\t\t\t<\/div>\n\t\t\t\t\t<\/div>\n\t\t<\/div>\n\t\t\t\t<div class=\"elementor-column elementor-col-50 elementor-top-column elementor-element elementor-element-29b08cf7 elementor-invisible\" data-id=\"29b08cf7\" data-element_type=\"column\" data-settings=\"{&quot;animation&quot;:&quot;fadeInRight&quot;}\">\n\t\t\t<div class=\"elementor-widget-wrap elementor-element-populated\">\n\t\t\t\t\t\t<div class=\"elementor-element elementor-element-7a83b1a3 elementor-widget elementor-widget-heading\" data-id=\"7a83b1a3\" data-element_type=\"widget\" data-widget_type=\"heading.default\">\n\t\t\t\t<div class=\"elementor-widget-container\">\n\t\t\t\t\t<h2 class=\"elementor-heading-title elementor-size-default\">General Data<\/h2>\t\t\t\t<\/div>\n\t\t\t\t<\/div>\n\t\t\t\t<div class=\"elementor-element elementor-element-602590b elementor-widget elementor-widget-text-editor\" data-id=\"602590b\" data-element_type=\"widget\" data-widget_type=\"text-editor.default\">\n\t\t\t\t<div class=\"elementor-widget-container\">\n\t\t\t\t\t\t\t\t\t<p><strong>Official name:<\/strong> Grand Duchy of Luxembourg.<\/p><p><strong>Capital:<\/strong> Luxembourg.<\/p><p><strong>Head of state:<\/strong> Henri of Luxembourg (Grand Duke)<\/p><p><strong>Political system:<\/strong> Constitutional monarchy.<\/p><p><strong>Area:<\/strong> 2,586 km\u00b2<\/p><p><strong>Population:<\/strong> Approximately 633,000 inhabitants.<\/p><p><strong>Population density:<\/strong> Approximately 244.4 inhabitants\/km\u00b2<\/p><p><strong>Predominant religion:<\/strong> Christianity (mainly Catholicism).<\/p><p><strong>Official languages:<\/strong> Luxembourgish, French and German.<\/p><p><strong>Coin:<\/strong> Euro (\u20ac)<\/p><p><strong>GDP (Gross Domestic Product):<\/strong> Specific data is not available, but Luxembourg is considered one of the richest countries in the world in terms of GDP per capita.<\/p>\t\t\t\t\t\t\t\t<\/div>\n\t\t\t\t<\/div>\n\t\t\t\t\t<\/div>\n\t\t<\/div>\n\t\t\t\t\t<\/div>\n\t\t<\/section>\n\t\t\t\t<section class=\"elementor-section elementor-top-section elementor-element elementor-element-3cf754f7 elementor-reverse-mobile elementor-section-boxed elementor-section-height-default elementor-section-height-default\" data-id=\"3cf754f7\" data-element_type=\"section\">\n\t\t\t\t\t\t<div class=\"elementor-container elementor-column-gap-default\">\n\t\t\t\t\t<div class=\"elementor-column elementor-col-50 elementor-top-column elementor-element elementor-element-9023277 elementor-invisible\" data-id=\"9023277\" data-element_type=\"column\" data-settings=\"{&quot;animation&quot;:&quot;fadeInLeft&quot;}\">\n\t\t\t<div class=\"elementor-widget-wrap elementor-element-populated\">\n\t\t\t\t\t\t<div class=\"elementor-element elementor-element-1ef4390 elementor-widget elementor-widget-image\" data-id=\"1ef4390\" data-element_type=\"widget\" data-widget_type=\"image.default\">\n\t\t\t\t<div class=\"elementor-widget-container\">\n\t\t\t\t\t\t\t\t\t\t\t\t\t\t\t<img decoding=\"async\" width=\"700\" height=\"400\" src=\"https:\/\/ambassadecapvertlux.com\/wp-content\/uploads\/2023\/06\/c8d7ab91051e093c99182ee0b7b8742e.jpg.webp\" class=\"attachment-large size-large wp-image-635\" alt=\"\" srcset=\"https:\/\/ambassadecapvertlux.com\/wp-content\/uploads\/2023\/06\/c8d7ab91051e093c99182ee0b7b8742e.jpg.webp 700w, https:\/\/ambassadecapvertlux.com\/wp-content\/uploads\/2023\/06\/c8d7ab91051e093c99182ee0b7b8742e.jpg-300x171.webp 300w\" sizes=\"(max-width: 700px) 100vw, 700px\" \/>\t\t\t\t\t\t\t\t\t\t\t\t\t\t\t<\/div>\n\t\t\t\t<\/div>\n\t\t\t\t\t<\/div>\n\t\t<\/div>\n\t\t\t\t<div class=\"elementor-column elementor-col-50 elementor-top-column elementor-element elementor-element-03369be elementor-invisible\" data-id=\"03369be\" data-element_type=\"column\" data-settings=\"{&quot;animation&quot;:&quot;fadeInRight&quot;}\">\n\t\t\t<div class=\"elementor-widget-wrap elementor-element-populated\">\n\t\t\t\t\t\t<div class=\"elementor-element elementor-element-84f04cc elementor-widget elementor-widget-heading\" data-id=\"84f04cc\" data-element_type=\"widget\" data-widget_type=\"heading.default\">\n\t\t\t\t<div class=\"elementor-widget-container\">\n\t\t\t\t\t<h2 class=\"elementor-heading-title elementor-size-default\">The Cultural Wealth of Luxembourg<\/h2>\t\t\t\t<\/div>\n\t\t\t\t<\/div>\n\t\t\t\t<div class=\"elementor-element elementor-element-e3a644c elementor-widget elementor-widget-text-editor\" data-id=\"e3a644c\" data-element_type=\"widget\" data-widget_type=\"text-editor.default\">\n\t\t\t\t<div class=\"elementor-widget-container\">\n\t\t\t\t\t\t\t\t\t<p><strong>Luxembourg's culture is diverse and enriching, with French, German and Luxembourgish influences blending into a unique cultural identity.<\/strong> The country values \u200b\u200bmusic, with festivals and a vibrant music scene. Theater is also popular, especially at the Luxembourg Theater Festival. Luxembourg cuisine features traditional dishes such as \u201cJudd mat Gaardebounen\u201d (ham with beans) and \u201cGromperekichelcher\u201d (potato dumplings).<\/p>\t\t\t\t\t\t\t\t<\/div>\n\t\t\t\t<\/div>\n\t\t\t\t\t<\/div>\n\t\t<\/div>\n\t\t\t\t\t<\/div>\n\t\t<\/section>\n\t\t\t\t<\/div>","protected":false},"excerpt":{"rendered":"<p>Um Lar Acolhedor para a Comunidade Cabo-Verdiana Luxemburgo, oficialmente o Gr\u00e3o-Ducado de Luxemburgo, \u00e9 um pequeno pa\u00eds localizado na Europa [&hellip;]<\/p>","protected":false},"author":1,"featured_media":0,"parent":0,"menu_order":0,"comment_status":"closed","ping_status":"closed","template":"","meta":{"site-sidebar-layout":"default","site-content-layout":"","ast-site-content-layout":"default","site-content-style":"default","site-sidebar-style":"default","ast-global-header-display":"","ast-banner-title-visibility":"","ast-main-header-display":"","ast-hfb-above-header-display":"","ast-hfb-below-header-display":"","ast-hfb-mobile-header-display":"","site-post-title":"","ast-breadcrumbs-content":"","ast-featured-img":"","footer-sml-layout":"","theme-transparent-header-meta":"","adv-header-id-meta":"","stick-header-meta":"","header-above-stick-meta":"","header-main-stick-meta":"","header-below-stick-meta":"","astra-migrate-meta-layouts":"default","ast-page-background-enabled":"default","ast-page-background-meta":{"desktop":{"background-color":"var(--ast-global-color-4)","background-image":"","background-repeat":"repeat","background-position":"center center","background-size":"auto","background-attachment":"scroll","background-type":"","background-media":"","overlay-type":"","overlay-color":"","overlay-opacity":"","overlay-gradient":""},"tablet":{"background-color":"","background-image":"","background-repeat":"repeat","background-position":"center center","background-size":"auto","background-attachment":"scroll","background-type":"","background-media":"","overlay-type":"","overlay-color":"","overlay-opacity":"","overlay-gradient":""},"mobile":{"background-color":"","background-image":"","background-repeat":"repeat","background-position":"center center","background-size":"auto","background-attachment":"scroll","background-type":"","background-media":"","overlay-type":"","overlay-color":"","overlay-opacity":"","overlay-gradient":""}},"ast-content-background-meta":{"desktop":{"background-color":"var(--ast-global-color-5)","background-image":"","background-repeat":"repeat","background-position":"center center","background-size":"auto","background-attachment":"scroll","background-type":"","background-media":"","overlay-type":"","overlay-color":"","overlay-opacity":"","overlay-gradient":""},"tablet":{"background-color":"var(--ast-global-color-5)","background-image":"","background-repeat":"repeat","background-position":"center center","background-size":"auto","background-attachment":"scroll","background-type":"","background-media":"","overlay-type":"","overlay-color":"","overlay-opacity":"","overlay-gradient":""},"mobile":{"background-color":"var(--ast-global-color-5)","background-image":"","background-repeat":"repeat","background-position":"center center","background-size":"auto","background-attachment":"scroll","background-type":"","background-media":"","overlay-type":"","overlay-color":"","overlay-opacity":"","overlay-gradient":""}},"footnotes":""},"class_list":["post-619","page","type-page","status-publish","hentry"],"_links":{"self":[{"href":"https:\/\/ambassadecapvertlux.com\/en\/wp-json\/wp\/v2\/pages\/619","targetHints":{"allow":["GET"]}}],"collection":[{"href":"https:\/\/ambassadecapvertlux.com\/en\/wp-json\/wp\/v2\/pages"}],"about":[{"href":"https:\/\/ambassadecapvertlux.com\/en\/wp-json\/wp\/v2\/types\/page"}],"author":[{"embeddable":true,"href":"https:\/\/ambassadecapvertlux.com\/en\/wp-json\/wp\/v2\/users\/1"}],"replies":[{"embeddable":true,"href":"https:\/\/ambassadecapvertlux.com\/en\/wp-json\/wp\/v2\/comments?post=619"}],"version-history":[{"count":73,"href":"https:\/\/ambassadecapvertlux.com\/en\/wp-json\/wp\/v2\/pages\/619\/revisions"}],"predecessor-version":[{"id":1795,"href":"https:\/\/ambassadecapvertlux.com\/en\/wp-json\/wp\/v2\/pages\/619\/revisions\/1795"}],"wp:attachment":[{"href":"https:\/\/ambassadecapvertlux.com\/en\/wp-json\/wp\/v2\/media?parent=619"}],"curies":[{"name":"wp","href":"https:\/\/api.w.org\/{rel}","templated":true}]}}