{"id":3,"date":"2023-04-26T11:28:33","date_gmt":"2023-04-26T14:28:33","guid":{"rendered":"https:\/\/ambassadecapvertlux.com\/?page_id=3"},"modified":"2025-08-20T02:27:40","modified_gmt":"2025-08-20T05:27:40","slug":"politica-de-privacidade","status":"publish","type":"page","link":"https:\/\/ambassadecapvertlux.com\/fr\/politica-de-privacidade\/","title":{"rendered":"Politique de Confidentialit\u00e9"},"content":{"rendered":"<div data-elementor-type=\"wp-page\" data-elementor-id=\"3\" class=\"elementor elementor-3\" data-elementor-post-type=\"page\">\n\t\t\t\t\t\t<section class=\"elementor-section elementor-top-section elementor-element elementor-element-2ff0b3d elementor-section-boxed elementor-section-height-default elementor-section-height-default\" data-id=\"2ff0b3d\" data-element_type=\"section\">\n\t\t\t\t\t\t<div class=\"elementor-container elementor-column-gap-default\">\n\t\t\t\t\t<div class=\"elementor-column elementor-col-100 elementor-top-column elementor-element elementor-element-d0e3eee\" data-id=\"d0e3eee\" data-element_type=\"column\">\n\t\t\t<div class=\"elementor-widget-wrap elementor-element-populated\">\n\t\t\t\t\t\t<div class=\"elementor-element elementor-element-55d44b5 elementor-widget elementor-widget-heading\" data-id=\"55d44b5\" data-element_type=\"widget\" data-widget_type=\"heading.default\">\n\t\t\t\t<div class=\"elementor-widget-container\">\n\t\t\t\t\t<h2 class=\"elementor-heading-title elementor-size-default\">Politique de Confidentialit\u00e9<\/h2>\t\t\t\t<\/div>\n\t\t\t\t<\/div>\n\t\t\t\t<div class=\"elementor-element elementor-element-8b8a2a1 elementor-widget elementor-widget-heading\" data-id=\"8b8a2a1\" data-element_type=\"widget\" data-widget_type=\"heading.default\">\n\t\t\t\t<div class=\"elementor-widget-container\">\n\t\t\t\t\t<h2 class=\"elementor-heading-title elementor-size-default\">Champ d'application<\/h2>\t\t\t\t<\/div>\n\t\t\t\t<\/div>\n\t\t\t\t<div class=\"elementor-element elementor-element-831c7eb elementor-widget elementor-widget-text-editor\" data-id=\"831c7eb\" data-element_type=\"widget\" data-widget_type=\"text-editor.default\">\n\t\t\t\t<div class=\"elementor-widget-container\">\n\t\t\t\t\t\t\t\t\t<p>L'Ambassade du Cap-Vert au Luxembourg respecte et prot\u00e8ge votre vie priv\u00e9e. Cette politique de confidentialit\u00e9 et d'utilisation des cookies d\u00e9crit la mani\u00e8re dont nous collectons, utilisons, stockons et prot\u00e9geons les donn\u00e9es personnelles des visiteurs de notre site web <a href=\"https:\/\/ambassadecapvertlux.com\/fr\/\">https:\/\/ambassadecapvertlux.com\/<\/a>, conform\u00e9ment au R\u00e8glement g\u00e9n\u00e9ral sur la protection des donn\u00e9es (RGPD \u2013 UE 2016\/679).<\/p>\n<p>Cette politique s'applique uniquement \u00e0 notre site Web et non aux sites Web tiers qui peuvent \u00eatre r\u00e9f\u00e9renc\u00e9s ou accessibles via des liens.<\/p>\t\t\t\t\t\t\t\t<\/div>\n\t\t\t\t<\/div>\n\t\t\t\t<div class=\"elementor-element elementor-element-e82011c elementor-widget elementor-widget-heading\" data-id=\"e82011c\" data-element_type=\"widget\" data-widget_type=\"heading.default\">\n\t\t\t\t<div class=\"elementor-widget-container\">\n\t\t\t\t\t<h2 class=\"elementor-heading-title elementor-size-default\">Responsable du traitement des donn\u00e9es<\/h2>\t\t\t\t<\/div>\n\t\t\t\t<\/div>\n\t\t\t\t<div class=\"elementor-element elementor-element-18195ee elementor-widget elementor-widget-text-editor\" data-id=\"18195ee\" data-element_type=\"widget\" data-widget_type=\"text-editor.default\">\n\t\t\t\t<div class=\"elementor-widget-container\">\n\t\t\t\t\t\t\t\t\t<p><strong>Ambassade du Cap-Vert au Luxembourg<\/strong><br \/>E-mail : info@ambassadecapvertlux.com<br \/>Site Web: <a href=\"https:\/\/ambassadecapvertlux.com\/fr\/\">https:\/\/ambassadecapvertlux.com\/<\/a><\/p>\t\t\t\t\t\t\t\t<\/div>\n\t\t\t\t<\/div>\n\t\t\t\t<div class=\"elementor-element elementor-element-ad9596b elementor-widget elementor-widget-heading\" data-id=\"ad9596b\" data-element_type=\"widget\" data-widget_type=\"heading.default\">\n\t\t\t\t<div class=\"elementor-widget-container\">\n\t\t\t\t\t<h2 class=\"elementor-heading-title elementor-size-default\">Collecte et traitement des donn\u00e9es personnelles<\/h2>\t\t\t\t<\/div>\n\t\t\t\t<\/div>\n\t\t\t\t<div class=\"elementor-element elementor-element-5e7ae9d elementor-widget elementor-widget-text-editor\" data-id=\"5e7ae9d\" data-element_type=\"widget\" data-widget_type=\"text-editor.default\">\n\t\t\t\t<div class=\"elementor-widget-container\">\n\t\t\t\t\t\t\t\t\t<p>Les donn\u00e9es personnelles peuvent \u00eatre collect\u00e9es par les moyens suivants :<\/p>\n<ul>\n<li>Formulaire de contact : nom, email, t\u00e9l\u00e9phone, message.<\/li>\n<li>Demandes de devis : informations sur le type de prestation demand\u00e9e et coordonn\u00e9es.<\/li>\n<li>Cookies et donn\u00e9es de navigation : adresse IP, type de navigateur, pages visit\u00e9es, localisation approximative, dur\u00e9e de la visite sur le site.<\/li>\n<\/ul>\n<p>Ces donn\u00e9es sont trait\u00e9es sur la base :<\/p>\n<ul>\n<li>Le consentement expr\u00e8s de l\u2019int\u00e9ress\u00e9 ;<\/li>\n<li>L\u2019ex\u00e9cution d\u2019un contrat ou de proc\u00e9dures pr\u00e9contractuelles ;<\/li>\n<li>D'une obligation l\u00e9gale ;<\/li>\n<li>D\u2019int\u00e9r\u00eat l\u00e9gitime (par exemple, s\u00e9curit\u00e9, am\u00e9lioration du service, statistiques).<\/li>\n<\/ul>\t\t\t\t\t\t\t\t<\/div>\n\t\t\t\t<\/div>\n\t\t\t\t<div class=\"elementor-element elementor-element-cd54227 elementor-widget elementor-widget-heading\" data-id=\"cd54227\" data-element_type=\"widget\" data-widget_type=\"heading.default\">\n\t\t\t\t<div class=\"elementor-widget-container\">\n\t\t\t\t\t<h2 class=\"elementor-heading-title elementor-size-default\">Finalit\u00e9s du traitement\n<\/h2>\t\t\t\t<\/div>\n\t\t\t\t<\/div>\n\t\t\t\t<div class=\"elementor-element elementor-element-a96e5a7 elementor-widget elementor-widget-text-editor\" data-id=\"a96e5a7\" data-element_type=\"widget\" data-widget_type=\"text-editor.default\">\n\t\t\t\t<div class=\"elementor-widget-container\">\n\t\t\t\t\t\t\t\t\t<p>Les donn\u00e9es collect\u00e9es sont utilis\u00e9es pour :<\/p>\n<ul>\n<li>R\u00e9pondre aux demandes de contact ou de devis ;<\/li>\n<li>Envoyer des informations sur nos services, promotions ou actualit\u00e9s (lorsque cela est autoris\u00e9) ;<\/li>\n<li>Analyser les statistiques de navigation et am\u00e9liorer l'exp\u00e9rience utilisateur ;<\/li>\n<li>Se conformer aux obligations l\u00e9gales et r\u00e9glementaires.<\/li>\n<\/ul>\t\t\t\t\t\t\t\t<\/div>\n\t\t\t\t<\/div>\n\t\t\t\t<div class=\"elementor-element elementor-element-9981105 elementor-widget elementor-widget-heading\" data-id=\"9981105\" data-element_type=\"widget\" data-widget_type=\"heading.default\">\n\t\t\t\t<div class=\"elementor-widget-container\">\n\t\t\t\t\t<h2 class=\"elementor-heading-title elementor-size-default\">Conservation des donn\u00e9es\n<\/h2>\t\t\t\t<\/div>\n\t\t\t\t<\/div>\n\t\t\t\t<div class=\"elementor-element elementor-element-c8822e2 elementor-widget elementor-widget-text-editor\" data-id=\"c8822e2\" data-element_type=\"widget\" data-widget_type=\"text-editor.default\">\n\t\t\t\t<div class=\"elementor-widget-container\">\n\t\t\t\t\t\t\t\t\t<p>Les donn\u00e9es personnelles ne sont conserv\u00e9es que pendant la dur\u00e9e n\u00e9cessaire \u00e0 la poursuite des finalit\u00e9s mentionn\u00e9es ou conform\u00e9ment aux exigences l\u00e9gales.<\/p>\t\t\t\t\t\t\t\t<\/div>\n\t\t\t\t<\/div>\n\t\t\t\t<div class=\"elementor-element elementor-element-951fcf8 elementor-widget elementor-widget-heading\" data-id=\"951fcf8\" data-element_type=\"widget\" data-widget_type=\"heading.default\">\n\t\t\t\t<div class=\"elementor-widget-container\">\n\t\t\t\t\t<h2 class=\"elementor-heading-title elementor-size-default\">Droits des personnes concern\u00e9es\n<\/h2>\t\t\t\t<\/div>\n\t\t\t\t<\/div>\n\t\t\t\t<div class=\"elementor-element elementor-element-91bc5d9 elementor-widget elementor-widget-text-editor\" data-id=\"91bc5d9\" data-element_type=\"widget\" data-widget_type=\"text-editor.default\">\n\t\t\t\t<div class=\"elementor-widget-container\">\n\t\t\t\t\t\t\t\t\t<p>En vertu du RGPD, vous disposez des droits suivants :<\/p>\n<ul>\n<li>Acc\u00e9der \u00e0 vos donn\u00e9es personnelles ;<\/li>\n<li>Corriger ou mettre \u00e0 jour les informations erron\u00e9es ;<\/li>\n<li>Demander la suppression de vos donn\u00e9es (droit \u00e0 l\u2019oubli) ;<\/li>\n<li>Limiter ou vous opposer au traitement de vos donn\u00e9es ;<\/li>\n<li>Retirez votre consentement \u00e0 tout moment ;<\/li>\n<li>Demandez la portabilit\u00e9 de vos donn\u00e9es.<\/li>\n<\/ul>\n<p>Pour exercer vos droits, veuillez nous contacter par email : info@ambassadecapvertlux.com<\/p>\t\t\t\t\t\t\t\t<\/div>\n\t\t\t\t<\/div>\n\t\t\t\t<div class=\"elementor-element elementor-element-9a0b093 elementor-widget elementor-widget-heading\" data-id=\"9a0b093\" data-element_type=\"widget\" data-widget_type=\"heading.default\">\n\t\t\t\t<div class=\"elementor-widget-container\">\n\t\t\t\t\t<h2 class=\"elementor-heading-title elementor-size-default\">S\u00e9curit\u00e9 et confidentialit\u00e9\n<\/h2>\t\t\t\t<\/div>\n\t\t\t\t<\/div>\n\t\t\t\t<div class=\"elementor-element elementor-element-f107edf elementor-widget elementor-widget-text-editor\" data-id=\"f107edf\" data-element_type=\"widget\" data-widget_type=\"text-editor.default\">\n\t\t\t\t<div class=\"elementor-widget-container\">\n\t\t\t\t\t\t\t\t\t<p>Nous mettons en \u0153uvre des mesures techniques et organisationnelles appropri\u00e9es pour prot\u00e9ger vos donn\u00e9es personnelles contre tout acc\u00e8s non autoris\u00e9, perte, alt\u00e9ration ou divulgation abusive.<\/p>\n<p>Veuillez toutefois noter qu'aucune transmission de donn\u00e9es sur Internet n'est totalement s\u00e9curis\u00e9e. Par cons\u00e9quent, nous ne pouvons garantir une s\u00e9curit\u00e9 absolue.<\/p>\t\t\t\t\t\t\t\t<\/div>\n\t\t\t\t<\/div>\n\t\t\t\t<div class=\"elementor-element elementor-element-b49d95b elementor-widget elementor-widget-heading\" data-id=\"b49d95b\" data-element_type=\"widget\" data-widget_type=\"heading.default\">\n\t\t\t\t<div class=\"elementor-widget-container\">\n\t\t\t\t\t<h2 class=\"elementor-heading-title elementor-size-default\">Politique relative aux cookies\n<\/h2>\t\t\t\t<\/div>\n\t\t\t\t<\/div>\n\t\t\t\t<div class=\"elementor-element elementor-element-3245fae elementor-widget elementor-widget-heading\" data-id=\"3245fae\" data-element_type=\"widget\" data-widget_type=\"heading.default\">\n\t\t\t\t<div class=\"elementor-widget-container\">\n\t\t\t\t\t<h2 class=\"elementor-heading-title elementor-size-default\">Qu'est-ce qu'un cookie ?\n<\/h2>\t\t\t\t<\/div>\n\t\t\t\t<\/div>\n\t\t\t\t<div class=\"elementor-element elementor-element-771dfbe elementor-widget elementor-widget-text-editor\" data-id=\"771dfbe\" data-element_type=\"widget\" data-widget_type=\"text-editor.default\">\n\t\t\t\t<div class=\"elementor-widget-container\">\n\t\t\t\t\t\t\t\t\t<p>Les cookies sont de petits fichiers stock\u00e9s dans votre navigateur qui aident \u00e0 am\u00e9liorer l'exp\u00e9rience utilisateur, \u00e0 m\u00e9moriser vos pr\u00e9f\u00e9rences et \u00e0 collecter des donn\u00e9es statistiques.<\/p>\t\t\t\t\t\t\t\t<\/div>\n\t\t\t\t<\/div>\n\t\t\t\t<div class=\"elementor-element elementor-element-52eb842 elementor-widget elementor-widget-heading\" data-id=\"52eb842\" data-element_type=\"widget\" data-widget_type=\"heading.default\">\n\t\t\t\t<div class=\"elementor-widget-container\">\n\t\t\t\t\t<h2 class=\"elementor-heading-title elementor-size-default\">Types de cookies utilis\u00e9s :\n<\/h2>\t\t\t\t<\/div>\n\t\t\t\t<\/div>\n\t\t\t\t<div class=\"elementor-element elementor-element-ba28653 elementor-widget elementor-widget-text-editor\" data-id=\"ba28653\" data-element_type=\"widget\" data-widget_type=\"text-editor.default\">\n\t\t\t\t<div class=\"elementor-widget-container\">\n\t\t\t\t\t\t\t\t\t<ul>\n<li>Essentiel : n\u00e9cessaire au fonctionnement du site Web ;<\/li>\n<li>Analyse : collecter des donn\u00e9es statistiques sur la navigation (ex : Google Analytics) ;<\/li>\n<li>Fonctionnel : m\u00e9moriser les pr\u00e9f\u00e9rences de l'utilisateur ;<\/li>\n<li>Marketing : utilis\u00e9 pour personnaliser les publicit\u00e9s (le cas \u00e9ch\u00e9ant).<\/li>\n<\/ul>\t\t\t\t\t\t\t\t<\/div>\n\t\t\t\t<\/div>\n\t\t\t\t<div class=\"elementor-element elementor-element-20a4619 elementor-widget elementor-widget-heading\" data-id=\"20a4619\" data-element_type=\"widget\" data-widget_type=\"heading.default\">\n\t\t\t\t<div class=\"elementor-widget-container\">\n\t\t\t\t\t<h2 class=\"elementor-heading-title elementor-size-default\">Consentement\n<\/h2>\t\t\t\t<\/div>\n\t\t\t\t<\/div>\n\t\t\t\t<div class=\"elementor-element elementor-element-3539c15 elementor-widget elementor-widget-text-editor\" data-id=\"3539c15\" data-element_type=\"widget\" data-widget_type=\"text-editor.default\">\n\t\t\t\t<div class=\"elementor-widget-container\">\n\t\t\t\t\t\t\t\t\t<p>Lors de votre premi\u00e8re visite sur notre site web, une banni\u00e8re d'information sur les cookies s'affiche. Vous pouvez alors :<\/p>\n<ul>\n<li>Accepter tous les cookies ;<\/li>\n<li>Refuser les cookies non essentiels ;<\/li>\n<li>G\u00e9rez vos pr\u00e9f\u00e9rences.<\/li>\n<\/ul>\n<p>Vous pouvez \u00e9galement g\u00e9rer les cookies directement dans les param\u00e8tres de votre navigateur.<\/p>\t\t\t\t\t\t\t\t<\/div>\n\t\t\t\t<\/div>\n\t\t\t\t<div class=\"elementor-element elementor-element-b925ad5 elementor-widget elementor-widget-heading\" data-id=\"b925ad5\" data-element_type=\"widget\" data-widget_type=\"heading.default\">\n\t\t\t\t<div class=\"elementor-widget-container\">\n\t\t\t\t\t<h2 class=\"elementor-heading-title elementor-size-default\">Cookies tiers\n<\/h2>\t\t\t\t<\/div>\n\t\t\t\t<\/div>\n\t\t\t\t<div class=\"elementor-element elementor-element-77e919f elementor-widget elementor-widget-text-editor\" data-id=\"77e919f\" data-element_type=\"widget\" data-widget_type=\"text-editor.default\">\n\t\t\t\t<div class=\"elementor-widget-container\">\n\t\t\t\t\t\t\t\t\t<p>Nous pouvons utiliser des services tiers (par exemple, Google, Meta\/Facebook, YouTube) susceptibles d'installer des cookies sur votre navigateur. Nous vous encourageons \u00e0 consulter leurs politiques de confidentialit\u00e9 respectives.<\/p>\t\t\t\t\t\t\t\t<\/div>\n\t\t\t\t<\/div>\n\t\t\t\t<div class=\"elementor-element elementor-element-587f712 elementor-widget elementor-widget-heading\" data-id=\"587f712\" data-element_type=\"widget\" data-widget_type=\"heading.default\">\n\t\t\t\t<div class=\"elementor-widget-container\">\n\t\t\t\t\t<h2 class=\"elementor-heading-title elementor-size-default\">Modifications de cette politique\n<\/h2>\t\t\t\t<\/div>\n\t\t\t\t<\/div>\n\t\t\t\t<div class=\"elementor-element elementor-element-dfd8c1e elementor-widget elementor-widget-text-editor\" data-id=\"dfd8c1e\" data-element_type=\"widget\" data-widget_type=\"text-editor.default\">\n\t\t\t\t<div class=\"elementor-widget-container\">\n\t\t\t\t\t\t\t\t\t<p>Nous nous r\u00e9servons le droit de mettre \u00e0 jour cette Politique de confidentialit\u00e9 et de cookies \u00e0 tout moment. Toute modification sera publi\u00e9e sur cette page avec la date de r\u00e9vision mise \u00e0 jour.<\/p>\t\t\t\t\t\t\t\t<\/div>\n\t\t\t\t<\/div>\n\t\t\t\t<div class=\"elementor-element elementor-element-3c483d7 elementor-widget elementor-widget-text-editor\" data-id=\"3c483d7\" data-element_type=\"widget\" data-widget_type=\"text-editor.default\">\n\t\t\t\t<div class=\"elementor-widget-container\">\n\t\t\t\t\t\t\t\t\t<p><strong>Derni\u00e8re mise \u00e0 jour :<\/strong> Luxembourg, 11\/08\/2025<\/p>\t\t\t\t\t\t\t\t<\/div>\n\t\t\t\t<\/div>\n\t\t\t\t\t<\/div>\n\t\t<\/div>\n\t\t\t\t\t<\/div>\n\t\t<\/section>\n\t\t\t\t<\/div>","protected":false},"excerpt":{"rendered":"<p>Pol\u00edtica de Privacidade e Cookies \u00c2mbito de aplica\u00e7\u00e3o A Embaixada de Cabo Verde no Luxemburgo respeita e protege a sua [&hellip;]<\/p>","protected":false},"author":1,"featured_media":0,"parent":0,"menu_order":0,"comment_status":"closed","ping_status":"open","template":"","meta":{"site-sidebar-layout":"default","site-content-layout":"","ast-site-content-layout":"default","site-content-style":"default","site-sidebar-style":"default","ast-global-header-display":"","ast-banner-title-visibility":"","ast-main-header-display":"","ast-hfb-above-header-display":"","ast-hfb-below-header-display":"","ast-hfb-mobile-header-display":"","site-post-title":"","ast-breadcrumbs-content":"","ast-featured-img":"","footer-sml-layout":"","theme-transparent-header-meta":"","adv-header-id-meta":"","stick-header-meta":"","header-above-stick-meta":"","header-main-stick-meta":"","header-below-stick-meta":"","astra-migrate-meta-layouts":"default","ast-page-background-enabled":"default","ast-page-background-meta":{"desktop":{"background-color":"var(--ast-global-color-4)","background-image":"","background-repeat":"repeat","background-position":"center center","background-size":"auto","background-attachment":"scroll","background-type":"","background-media":"","overlay-type":"","overlay-color":"","overlay-opacity":"","overlay-gradient":""},"tablet":{"background-color":"","background-image":"","background-repeat":"repeat","background-position":"center center","background-size":"auto","background-attachment":"scroll","background-type":"","background-media":"","overlay-type":"","overlay-color":"","overlay-opacity":"","overlay-gradient":""},"mobile":{"background-color":"","background-image":"","background-repeat":"repeat","background-position":"center center","background-size":"auto","background-attachment":"scroll","background-type":"","background-media":"","overlay-type":"","overlay-color":"","overlay-opacity":"","overlay-gradient":""}},"ast-content-background-meta":{"desktop":{"background-color":"var(--ast-global-color-5)","background-image":"","background-repeat":"repeat","background-position":"center center","background-size":"auto","background-attachment":"scroll","background-type":"","background-media":"","overlay-type":"","overlay-color":"","overlay-opacity":"","overlay-gradient":""},"tablet":{"background-color":"var(--ast-global-color-5)","background-image":"","background-repeat":"repeat","background-position":"center center","background-size":"auto","background-attachment":"scroll","background-type":"","background-media":"","overlay-type":"","overlay-color":"","overlay-opacity":"","overlay-gradient":""},"mobile":{"background-color":"var(--ast-global-color-5)","background-image":"","background-repeat":"repeat","background-position":"center center","background-size":"auto","background-attachment":"scroll","background-type":"","background-media":"","overlay-type":"","overlay-color":"","overlay-opacity":"","overlay-gradient":""}},"footnotes":""},"class_list":["post-3","page","type-page","status-publish","hentry"],"_links":{"self":[{"href":"https:\/\/ambassadecapvertlux.com\/fr\/wp-json\/wp\/v2\/pages\/3","targetHints":{"allow":["GET"]}}],"collection":[{"href":"https:\/\/ambassadecapvertlux.com\/fr\/wp-json\/wp\/v2\/pages"}],"about":[{"href":"https:\/\/ambassadecapvertlux.com\/fr\/wp-json\/wp\/v2\/types\/page"}],"author":[{"embeddable":true,"href":"https:\/\/ambassadecapvertlux.com\/fr\/wp-json\/wp\/v2\/users\/1"}],"replies":[{"embeddable":true,"href":"https:\/\/ambassadecapvertlux.com\/fr\/wp-json\/wp\/v2\/comments?post=3"}],"version-history":[{"count":24,"href":"https:\/\/ambassadecapvertlux.com\/fr\/wp-json\/wp\/v2\/pages\/3\/revisions"}],"predecessor-version":[{"id":2634,"href":"https:\/\/ambassadecapvertlux.com\/fr\/wp-json\/wp\/v2\/pages\/3\/revisions\/2634"}],"wp:attachment":[{"href":"https:\/\/ambassadecapvertlux.com\/fr\/wp-json\/wp\/v2\/media?parent=3"}],"curies":[{"name":"wp","href":"https:\/\/api.w.org\/{rel}","templated":true}]}}