{"id":619,"date":"2023-06-01T19:15:28","date_gmt":"2023-06-01T22:15:28","guid":{"rendered":"https:\/\/ambassadecapvertlux.com\/?page_id=619"},"modified":"2024-10-28T12:39:38","modified_gmt":"2024-10-28T15:39:38","slug":"sobre-luxemburgo","status":"publish","type":"page","link":"https:\/\/ambassadecapvertlux.com\/fr\/sobre-luxemburgo\/","title":{"rendered":"\u00c0 propos du Luxembourg"},"content":{"rendered":"<div data-elementor-type=\"wp-page\" data-elementor-id=\"619\" class=\"elementor elementor-619\" data-elementor-post-type=\"page\">\n\t\t\t\t\t\t<section class=\"elementor-section elementor-top-section elementor-element elementor-element-6e1a411f elementor-section-boxed elementor-section-height-default elementor-section-height-default\" data-id=\"6e1a411f\" data-element_type=\"section\" data-settings=\"{&quot;background_background&quot;:&quot;classic&quot;}\">\n\t\t\t\t\t\t\t<div class=\"elementor-background-overlay\"><\/div>\n\t\t\t\t\t\t\t<div class=\"elementor-container elementor-column-gap-default\">\n\t\t\t\t\t<div class=\"elementor-column elementor-col-100 elementor-top-column elementor-element elementor-element-89c7451 elementor-invisible\" data-id=\"89c7451\" data-element_type=\"column\" data-settings=\"{&quot;animation&quot;:&quot;fadeInUp&quot;}\">\n\t\t\t<div class=\"elementor-widget-wrap elementor-element-populated\">\n\t\t\t\t\t\t<div class=\"elementor-element elementor-element-23069471 elementor-widget elementor-widget-heading\" data-id=\"23069471\" data-element_type=\"widget\" data-widget_type=\"heading.default\">\n\t\t\t\t<div class=\"elementor-widget-container\">\n\t\t\t\t\t<h1 class=\"elementor-heading-title elementor-size-default\">\u00c0 propos du Luxembourg<\/h1>\t\t\t\t<\/div>\n\t\t\t\t<\/div>\n\t\t\t\t\t<\/div>\n\t\t<\/div>\n\t\t\t\t\t<\/div>\n\t\t<\/section>\n\t\t\t\t<section class=\"elementor-section elementor-top-section elementor-element elementor-element-e8e4612 elementor-section-content-middle elementor-section-boxed elementor-section-height-default elementor-section-height-default\" data-id=\"e8e4612\" data-element_type=\"section\" data-settings=\"{&quot;background_background&quot;:&quot;gradient&quot;}\">\n\t\t\t\t\t\t\t<div class=\"elementor-background-overlay\"><\/div>\n\t\t\t\t\t\t\t<div class=\"elementor-container elementor-column-gap-default\">\n\t\t\t\t\t<div class=\"elementor-column elementor-col-50 elementor-top-column elementor-element elementor-element-1cc0966 elementor-invisible\" data-id=\"1cc0966\" data-element_type=\"column\" data-settings=\"{&quot;animation&quot;:&quot;fadeInLeft&quot;}\">\n\t\t\t<div class=\"elementor-widget-wrap elementor-element-populated\">\n\t\t\t\t\t\t<div class=\"elementor-element elementor-element-13c50afe elementor-widget elementor-widget-heading\" data-id=\"13c50afe\" data-element_type=\"widget\" data-widget_type=\"heading.default\">\n\t\t\t\t<div class=\"elementor-widget-container\">\n\t\t\t\t\t<h2 class=\"elementor-heading-title elementor-size-default\">Un foyer accueillant pour la communaut\u00e9 capverdienne<\/h2>\t\t\t\t<\/div>\n\t\t\t\t<\/div>\n\t\t\t\t<div class=\"elementor-element elementor-element-694d518 elementor-widget elementor-widget-text-editor\" data-id=\"694d518\" data-element_type=\"widget\" data-widget_type=\"text-editor.default\">\n\t\t\t\t<div class=\"elementor-widget-container\">\n\t\t\t\t\t\t\t\t\t<p><strong>Luxembourg, officiellement le Grand-Duch\u00e9 de Luxembourg,<\/strong> est un petit pays situ\u00e9 en Europe occidentale. Son histoire remonte au Moyen \u00c2ge, lorsqu'il fut fond\u00e9 en tant que comt\u00e9 en 963. <strong>Pendant des si\u00e8cles, le Luxembourg fut<\/strong> <strong>sousdiff\u00e9rents dirigeants et influences, dont les Habsbourg, les Bourbons et les Hohenzollern.<\/strong><\/p><p><strong>Au XIXe si\u00e8cle, le pays a obtenu son ind\u00e9pendance vis-\u00e0-vis de la domination \u00e9trang\u00e8re et est devenu un \u00c9tat souverain.<\/strong> bien qu'il maintienne une union personnelle avec les Pays-Bas jusqu'en 1890. <strong>Durant les deux guerres mondiales, le Luxembourg est envahi et occup\u00e9 par l'Allemagne,<\/strong> mais a r\u00e9ussi \u00e0 se r\u00e9tablir apr\u00e8s la Seconde Guerre mondiale et \u00e0 \u00e9merger comme une nation prosp\u00e8re et neutre.<\/p>\t\t\t\t\t\t\t\t<\/div>\n\t\t\t\t<\/div>\n\t\t\t\t\t<\/div>\n\t\t<\/div>\n\t\t\t\t<div class=\"elementor-column elementor-col-50 elementor-top-column elementor-element elementor-element-106a319 elementor-invisible\" data-id=\"106a319\" data-element_type=\"column\" data-settings=\"{&quot;animation&quot;:&quot;fadeInRight&quot;}\">\n\t\t\t<div class=\"elementor-widget-wrap elementor-element-populated\">\n\t\t\t\t\t\t<div class=\"elementor-element elementor-element-77ab323 elementor-widget elementor-widget-image\" data-id=\"77ab323\" data-element_type=\"widget\" data-widget_type=\"image.default\">\n\t\t\t\t<div class=\"elementor-widget-container\">\n\t\t\t\t\t\t\t\t\t\t\t\t\t\t\t<img fetchpriority=\"high\" decoding=\"async\" width=\"1024\" height=\"682\" src=\"https:\/\/ambassadecapvertlux.com\/wp-content\/uploads\/2024\/04\/Luxemburgo-1024x682.jpg\" class=\"attachment-large size-large wp-image-1600\" alt=\"\" srcset=\"https:\/\/ambassadecapvertlux.com\/wp-content\/uploads\/2024\/04\/Luxemburgo-1024x682.jpg 1024w, https:\/\/ambassadecapvertlux.com\/wp-content\/uploads\/2024\/04\/Luxemburgo-300x200.jpg 300w, https:\/\/ambassadecapvertlux.com\/wp-content\/uploads\/2024\/04\/Luxemburgo-768x512.jpg 768w, https:\/\/ambassadecapvertlux.com\/wp-content\/uploads\/2024\/04\/Luxemburgo-1536x1023.jpg 1536w, https:\/\/ambassadecapvertlux.com\/wp-content\/uploads\/2024\/04\/Luxemburgo.jpg 2048w\" sizes=\"(max-width: 1024px) 100vw, 1024px\" \/>\t\t\t\t\t\t\t\t\t\t\t\t\t\t\t<\/div>\n\t\t\t\t<\/div>\n\t\t\t\t<div class=\"elementor-element elementor-element-524ab0b elementor-widget elementor-widget-text-editor\" data-id=\"524ab0b\" data-element_type=\"widget\" data-widget_type=\"text-editor.default\">\n\t\t\t\t<div class=\"elementor-widget-container\">\n\t\t\t\t\t\t\t\t\t<p><strong>Aujourd'hui, le Luxembourg est connu pour son \u00e9conomie tr\u00e8s d\u00e9velopp\u00e9e, notamment dans le secteur financier et des services.<\/strong> Elle est \u00e9galement l'un des membres fondateurs de l'Union europ\u00e9enne, abritant plusieurs institutions europ\u00e9ennes. Sa culture est influenc\u00e9e par sa situation g\u00e9ographique entre la France, l'Allemagne et la Belgique, r\u00e9sultant en un m\u00e9lange unique de langues et de traditions.<\/p>\t\t\t\t\t\t\t\t<\/div>\n\t\t\t\t<\/div>\n\t\t\t\t\t<\/div>\n\t\t<\/div>\n\t\t\t\t\t<\/div>\n\t\t<\/section>\n\t\t\t\t<section class=\"elementor-section elementor-top-section elementor-element elementor-element-3e06f8a4 elementor-section-content-middle elementor-section-boxed elementor-section-height-default elementor-section-height-default\" data-id=\"3e06f8a4\" data-element_type=\"section\" data-settings=\"{&quot;background_background&quot;:&quot;classic&quot;}\">\n\t\t\t\t\t\t\t<div class=\"elementor-background-overlay\"><\/div>\n\t\t\t\t\t\t\t<div class=\"elementor-container elementor-column-gap-default\">\n\t\t\t\t\t<div class=\"elementor-column elementor-col-50 elementor-top-column elementor-element elementor-element-63e05c96 elementor-invisible\" data-id=\"63e05c96\" data-element_type=\"column\" data-settings=\"{&quot;animation&quot;:&quot;fadeInLeft&quot;}\">\n\t\t\t<div class=\"elementor-widget-wrap elementor-element-populated\">\n\t\t\t\t\t\t<div class=\"elementor-element elementor-element-b00021d elementor-widget elementor-widget-heading\" data-id=\"b00021d\" data-element_type=\"widget\" data-widget_type=\"heading.default\">\n\t\t\t\t<div class=\"elementor-widget-container\">\n\t\t\t\t\t<h2 class=\"elementor-heading-title elementor-size-default\">Un centre financier international de premier plan<\/h2>\t\t\t\t<\/div>\n\t\t\t\t<\/div>\n\t\t\t\t<div class=\"elementor-element elementor-element-2c4a60b elementor-widget elementor-widget-text-editor\" data-id=\"2c4a60b\" data-element_type=\"widget\" data-widget_type=\"text-editor.default\">\n\t\t\t\t<div class=\"elementor-widget-container\">\n\t\t\t\t\t\t\t\t\t<p>L'\u00e9conomie luxembourgeoise est diversifi\u00e9e et prosp\u00e8re, l'accent \u00e9tant mis sur le secteur financier, les services, l'industrie sid\u00e9rurgique et la technologie. Le pays est un centre financier international important et m\u00e8ne une politique favorable aux entreprises. Avec une faible pression fiscale et une main-d'\u0153uvre hautement qualifi\u00e9e, le Luxembourg poss\u00e8de l'un des PIB par habitant les plus \u00e9lev\u00e9s au monde et un faible taux de ch\u00f4mage.<\/p>\t\t\t\t\t\t\t\t<\/div>\n\t\t\t\t<\/div>\n\t\t\t\t<div class=\"elementor-element elementor-element-e3dc463 elementor-widget elementor-widget-heading\" data-id=\"e3dc463\" data-element_type=\"widget\" data-widget_type=\"heading.default\">\n\t\t\t\t<div class=\"elementor-widget-container\">\n\t\t\t\t\t<h2 class=\"elementor-heading-title elementor-size-default\">Guide pratique : Acc\u00e8s au march\u00e9 luxembourgeois prometteur<\/h2>\t\t\t\t<\/div>\n\t\t\t\t<\/div>\n\t\t\t\t<div class=\"elementor-element elementor-element-4070b59 elementor-widget elementor-widget-text-editor\" data-id=\"4070b59\" data-element_type=\"widget\" data-widget_type=\"text-editor.default\">\n\t\t\t\t<div class=\"elementor-widget-container\">\n\t\t\t\t\t\t\t\t\t<p>Le Guide pratique pour acc\u00e9der au march\u00e9 luxembourgeois est une ressource essentielle pour les entreprises et entrepreneurs int\u00e9ress\u00e9s \u00e0 entrer sur le march\u00e9 luxembourgeois. Il fournit des informations sur l\u2019environnement des affaires, les exigences l\u00e9gales, les strat\u00e9gies d\u2019entr\u00e9e, les questions fiscales et les opportunit\u00e9s commerciales. Le guide met en \u00e9vidence les avantages comp\u00e9titifs du Luxembourg, tels que son emplacement strat\u00e9gique, ses infrastructures avanc\u00e9es et sa stabilit\u00e9 politique.\u00a0<\/p>\t\t\t\t\t\t\t\t<\/div>\n\t\t\t\t<\/div>\n\t\t\t\t\t<\/div>\n\t\t<\/div>\n\t\t\t\t<div class=\"elementor-column elementor-col-50 elementor-top-column elementor-element elementor-element-29b08cf7 elementor-invisible\" data-id=\"29b08cf7\" data-element_type=\"column\" data-settings=\"{&quot;animation&quot;:&quot;fadeInRight&quot;}\">\n\t\t\t<div class=\"elementor-widget-wrap elementor-element-populated\">\n\t\t\t\t\t\t<div class=\"elementor-element elementor-element-7a83b1a3 elementor-widget elementor-widget-heading\" data-id=\"7a83b1a3\" data-element_type=\"widget\" data-widget_type=\"heading.default\">\n\t\t\t\t<div class=\"elementor-widget-container\">\n\t\t\t\t\t<h2 class=\"elementor-heading-title elementor-size-default\">Donn\u00e9es g\u00e9n\u00e9rales<\/h2>\t\t\t\t<\/div>\n\t\t\t\t<\/div>\n\t\t\t\t<div class=\"elementor-element elementor-element-602590b elementor-widget elementor-widget-text-editor\" data-id=\"602590b\" data-element_type=\"widget\" data-widget_type=\"text-editor.default\">\n\t\t\t\t<div class=\"elementor-widget-container\">\n\t\t\t\t\t\t\t\t\t<p><strong>D\u00e9signation officielle :<\/strong> Grand-Duch\u00e9 de Luxembourg.<\/p><p><strong>Capital:<\/strong> Luxembourgeois.<\/p><p><strong>Chef de l'Etat :<\/strong> Henri de Luxembourg (Grand-Duc)<\/p><p><strong>Syst\u00e8me politique :<\/strong> Monarchie constitutionnelle.<\/p><p><strong>Zone:<\/strong> 2 586 km\u00b2<\/p><p><strong>Population:<\/strong> Environ 633 000 habitants.<\/p><p><strong>Densit\u00e9 d\u00e9mographique :<\/strong> Environ 244,4 hab.\/km\u00b2<\/p><p><strong>Religion dominante :<\/strong> Christianisme (principalement catholicisme).<\/p><p><strong>Langues officielles :<\/strong> Luxembourgeois, fran\u00e7ais et allemand.<\/p><p><strong>Pi\u00e8ce de monnaie:<\/strong> euros (\u20ac)<\/p><p><strong>PIB (Produit Int\u00e9rieur Brut) :<\/strong> Aucune donn\u00e9e sp\u00e9cifique n'est disponible, mais le Luxembourg est consid\u00e9r\u00e9 comme l'un des pays les plus riches au monde en termes de PIB par habitant.<\/p>\t\t\t\t\t\t\t\t<\/div>\n\t\t\t\t<\/div>\n\t\t\t\t\t<\/div>\n\t\t<\/div>\n\t\t\t\t\t<\/div>\n\t\t<\/section>\n\t\t\t\t<section class=\"elementor-section elementor-top-section elementor-element elementor-element-3cf754f7 elementor-reverse-mobile elementor-section-boxed elementor-section-height-default elementor-section-height-default\" data-id=\"3cf754f7\" data-element_type=\"section\">\n\t\t\t\t\t\t<div class=\"elementor-container elementor-column-gap-default\">\n\t\t\t\t\t<div class=\"elementor-column elementor-col-50 elementor-top-column elementor-element elementor-element-9023277 elementor-invisible\" data-id=\"9023277\" data-element_type=\"column\" data-settings=\"{&quot;animation&quot;:&quot;fadeInLeft&quot;}\">\n\t\t\t<div class=\"elementor-widget-wrap elementor-element-populated\">\n\t\t\t\t\t\t<div class=\"elementor-element elementor-element-1ef4390 elementor-widget elementor-widget-image\" data-id=\"1ef4390\" data-element_type=\"widget\" data-widget_type=\"image.default\">\n\t\t\t\t<div class=\"elementor-widget-container\">\n\t\t\t\t\t\t\t\t\t\t\t\t\t\t\t<img decoding=\"async\" width=\"700\" height=\"400\" src=\"https:\/\/ambassadecapvertlux.com\/wp-content\/uploads\/2023\/06\/c8d7ab91051e093c99182ee0b7b8742e.jpg.webp\" class=\"attachment-large size-large wp-image-635\" alt=\"\" srcset=\"https:\/\/ambassadecapvertlux.com\/wp-content\/uploads\/2023\/06\/c8d7ab91051e093c99182ee0b7b8742e.jpg.webp 700w, https:\/\/ambassadecapvertlux.com\/wp-content\/uploads\/2023\/06\/c8d7ab91051e093c99182ee0b7b8742e.jpg-300x171.webp 300w\" sizes=\"(max-width: 700px) 100vw, 700px\" \/>\t\t\t\t\t\t\t\t\t\t\t\t\t\t\t<\/div>\n\t\t\t\t<\/div>\n\t\t\t\t\t<\/div>\n\t\t<\/div>\n\t\t\t\t<div class=\"elementor-column elementor-col-50 elementor-top-column elementor-element elementor-element-03369be elementor-invisible\" data-id=\"03369be\" data-element_type=\"column\" data-settings=\"{&quot;animation&quot;:&quot;fadeInRight&quot;}\">\n\t\t\t<div class=\"elementor-widget-wrap elementor-element-populated\">\n\t\t\t\t\t\t<div class=\"elementor-element elementor-element-84f04cc elementor-widget elementor-widget-heading\" data-id=\"84f04cc\" data-element_type=\"widget\" data-widget_type=\"heading.default\">\n\t\t\t\t<div class=\"elementor-widget-container\">\n\t\t\t\t\t<h2 class=\"elementor-heading-title elementor-size-default\">La richesse culturelle du Luxembourg<\/h2>\t\t\t\t<\/div>\n\t\t\t\t<\/div>\n\t\t\t\t<div class=\"elementor-element elementor-element-e3a644c elementor-widget elementor-widget-text-editor\" data-id=\"e3a644c\" data-element_type=\"widget\" data-widget_type=\"text-editor.default\">\n\t\t\t\t<div class=\"elementor-widget-container\">\n\t\t\t\t\t\t\t\t\t<p><strong>La culture luxembourgeoise est diversifi\u00e9e et enrichissante, avec des influences fran\u00e7aises, allemandes et luxembourgeoises se fondant dans une identit\u00e9 culturelle unique.<\/strong> Le pays valorise la musique, avec des festivals et une sc\u00e8ne musicale dynamique. Le th\u00e9\u00e2tre est \u00e9galement populaire, notamment au Festival de Th\u00e9\u00e2tre du Luxembourg. La cuisine luxembourgeoise propose des plats traditionnels tels que le \u00ab Judd mat Gaardebounen \u00bb (jambon et haricots) et le \u00ab Gromperekichelcher \u00bb (raviolis aux pommes de terre).<\/p>\t\t\t\t\t\t\t\t<\/div>\n\t\t\t\t<\/div>\n\t\t\t\t\t<\/div>\n\t\t<\/div>\n\t\t\t\t\t<\/div>\n\t\t<\/section>\n\t\t\t\t<\/div>","protected":false},"excerpt":{"rendered":"<p>Um Lar Acolhedor para a Comunidade Cabo-Verdiana Luxemburgo, oficialmente o Gr\u00e3o-Ducado de Luxemburgo, \u00e9 um pequeno pa\u00eds localizado na Europa [&hellip;]<\/p>","protected":false},"author":1,"featured_media":0,"parent":0,"menu_order":0,"comment_status":"closed","ping_status":"closed","template":"","meta":{"site-sidebar-layout":"default","site-content-layout":"","ast-site-content-layout":"default","site-content-style":"default","site-sidebar-style":"default","ast-global-header-display":"","ast-banner-title-visibility":"","ast-main-header-display":"","ast-hfb-above-header-display":"","ast-hfb-below-header-display":"","ast-hfb-mobile-header-display":"","site-post-title":"","ast-breadcrumbs-content":"","ast-featured-img":"","footer-sml-layout":"","theme-transparent-header-meta":"","adv-header-id-meta":"","stick-header-meta":"","header-above-stick-meta":"","header-main-stick-meta":"","header-below-stick-meta":"","astra-migrate-meta-layouts":"default","ast-page-background-enabled":"default","ast-page-background-meta":{"desktop":{"background-color":"var(--ast-global-color-4)","background-image":"","background-repeat":"repeat","background-position":"center center","background-size":"auto","background-attachment":"scroll","background-type":"","background-media":"","overlay-type":"","overlay-color":"","overlay-opacity":"","overlay-gradient":""},"tablet":{"background-color":"","background-image":"","background-repeat":"repeat","background-position":"center center","background-size":"auto","background-attachment":"scroll","background-type":"","background-media":"","overlay-type":"","overlay-color":"","overlay-opacity":"","overlay-gradient":""},"mobile":{"background-color":"","background-image":"","background-repeat":"repeat","background-position":"center center","background-size":"auto","background-attachment":"scroll","background-type":"","background-media":"","overlay-type":"","overlay-color":"","overlay-opacity":"","overlay-gradient":""}},"ast-content-background-meta":{"desktop":{"background-color":"var(--ast-global-color-5)","background-image":"","background-repeat":"repeat","background-position":"center center","background-size":"auto","background-attachment":"scroll","background-type":"","background-media":"","overlay-type":"","overlay-color":"","overlay-opacity":"","overlay-gradient":""},"tablet":{"background-color":"var(--ast-global-color-5)","background-image":"","background-repeat":"repeat","background-position":"center center","background-size":"auto","background-attachment":"scroll","background-type":"","background-media":"","overlay-type":"","overlay-color":"","overlay-opacity":"","overlay-gradient":""},"mobile":{"background-color":"var(--ast-global-color-5)","background-image":"","background-repeat":"repeat","background-position":"center center","background-size":"auto","background-attachment":"scroll","background-type":"","background-media":"","overlay-type":"","overlay-color":"","overlay-opacity":"","overlay-gradient":""}},"footnotes":""},"class_list":["post-619","page","type-page","status-publish","hentry"],"_links":{"self":[{"href":"https:\/\/ambassadecapvertlux.com\/fr\/wp-json\/wp\/v2\/pages\/619","targetHints":{"allow":["GET"]}}],"collection":[{"href":"https:\/\/ambassadecapvertlux.com\/fr\/wp-json\/wp\/v2\/pages"}],"about":[{"href":"https:\/\/ambassadecapvertlux.com\/fr\/wp-json\/wp\/v2\/types\/page"}],"author":[{"embeddable":true,"href":"https:\/\/ambassadecapvertlux.com\/fr\/wp-json\/wp\/v2\/users\/1"}],"replies":[{"embeddable":true,"href":"https:\/\/ambassadecapvertlux.com\/fr\/wp-json\/wp\/v2\/comments?post=619"}],"version-history":[{"count":73,"href":"https:\/\/ambassadecapvertlux.com\/fr\/wp-json\/wp\/v2\/pages\/619\/revisions"}],"predecessor-version":[{"id":1795,"href":"https:\/\/ambassadecapvertlux.com\/fr\/wp-json\/wp\/v2\/pages\/619\/revisions\/1795"}],"wp:attachment":[{"href":"https:\/\/ambassadecapvertlux.com\/fr\/wp-json\/wp\/v2\/media?parent=619"}],"curies":[{"name":"wp","href":"https:\/\/api.w.org\/{rel}","templated":true}]}}